{"id":9598,"date":"2021-07-19T13:41:31","date_gmt":"2021-07-19T11:41:31","guid":{"rendered":"https:\/\/www.dosacordes.es\/web\/?post_type=product&#038;p=9598"},"modified":"2026-04-12T16:40:48","modified_gmt":"2026-04-12T14:40:48","slug":"canciones","status":"publish","type":"product","link":"https:\/\/www.dosacordes.es\/web\/producto\/canciones\/","title":{"rendered":"Canciones"},"content":{"rendered":"","protected":false},"excerpt":{"rendered":"<h3><em>para voz y piano<br \/>\n<\/em><\/h3>\n<h5>Lico Jim\u00e9nez<\/h5>\n<p><strong>Edici\u00f3n de Isidro L\u00e1zaro Betancourt Ben\u00edtez<br \/>\n<\/strong><\/p>\n<p>Canciones para voz y piano de Lico Jim\u00e9nez editadas por Isidro Betancourt, graduado en canto por el Conservatorio Superior de M\u00fasica de Vigo, fue cantor del Coro Nacional de Cuba, de la Schola Cantorum Coralina y del cabaret Tropicana. Actualmente compagina su labor docente en el Conservatorio Mayeusis con la direcci\u00f3n art\u00edstica de varios coros y la investigaci\u00f3n sobre la vida y obra de Lico Jim\u00e9nez.<\/p>\n","protected":false},"featured_media":9599,"template":"","meta":{"om_disable_all_campaigns":false,"_monsterinsights_skip_tracking":false,"_monsterinsights_sitenote_active":false,"_monsterinsights_sitenote_note":"","_monsterinsights_sitenote_category":0},"product_cat":[360,634],"product_tag":[],"aioseo_notices":[],"lang":"es","translations":{"es":9598},"pll_sync_post":[],"_links":{"self":[{"href":"https:\/\/www.dosacordes.es\/web\/wp-json\/wp\/v2\/product\/9598"}],"collection":[{"href":"https:\/\/www.dosacordes.es\/web\/wp-json\/wp\/v2\/product"}],"about":[{"href":"https:\/\/www.dosacordes.es\/web\/wp-json\/wp\/v2\/types\/product"}],"wp:featuredmedia":[{"embeddable":true,"href":"https:\/\/www.dosacordes.es\/web\/wp-json\/wp\/v2\/media\/9599"}],"wp:attachment":[{"href":"https:\/\/www.dosacordes.es\/web\/wp-json\/wp\/v2\/media?parent=9598"}],"wp:term":[{"taxonomy":"product_cat","embeddable":true,"href":"https:\/\/www.dosacordes.es\/web\/wp-json\/wp\/v2\/product_cat?post=9598"},{"taxonomy":"product_tag","embeddable":true,"href":"https:\/\/www.dosacordes.es\/web\/wp-json\/wp\/v2\/product_tag?post=9598"}],"curies":[{"name":"wp","href":"https:\/\/api.w.org\/{rel}","templated":true}]}}