{"id":9424,"date":"2021-04-29T18:12:23","date_gmt":"2021-04-29T16:12:23","guid":{"rendered":"https:\/\/www.dosacordes.es\/web\/?post_type=product&#038;p=9424"},"modified":"2021-10-20T09:12:54","modified_gmt":"2021-10-20T07:12:54","slug":"a-linguaxe-da-musica","status":"publish","type":"product","link":"https:\/\/www.dosacordes.es\/web\/producto\/a-linguaxe-da-musica\/","title":{"rendered":"A linguaxe da m\u00fasica"},"content":{"rendered":"<p>Foi a Lei Org\u00e1nica 1\/1990, do 3 de outubro, de Ordenaci\u00f3n Xeral do Sistema Educativo a que estableceu, no seu artigo 40, a posibilidade de que as administraci\u00f3ns educativas aplicaran criterios de ingreso para o acceso, naquel momento, ao denominado grao elemental. Al\u00e9n disto, o mesmo artigo fac\u00eda referencia \u00e1 necesidade de superar unha proba espec\u00edfica para o acceso ao grao medio. Con posterioridade, a LOE-LOMCE non lexislou as ensinanzas elementais, deix\u00e1ndoas nas mans das Comunidades Aut\u00f3nomas que, de modo xeral, continuaron realizando estas probas de acceso. No caso do acceso \u00e1s ensinanzas profesionais, o artigo 49 da citada Lei non variaba fundamentalmente as s\u00faas directrices, establecendo que, para acceder \u00e1s ensinanzas profesionais de m\u00fasica, fac\u00edase necesario superar unha proba espec\u00edfica de acceso regulada e organizada polas administraci\u00f3ns educativas. Poder\u00e1 accederse do mesmo xeito a cada curso sen ter superado os anteriores a trav\u00e9s dunha proba na que o aspirante demostre ter os co\u00f1ecementos necesarios para cursar as citadas ensinanzas.<\/p>\n<p>A presente publicaci\u00f3n pretende configurarse coma unha proposta persoal para a realizaci\u00f3n das citadas probas de acceso. Ademais disto, os contidos das distintas probas son froito dunha reflexi\u00f3n constante levada a cabo ao longo da traxectoria profesional da autora ao longo de moitos anos de desenvolvemento da s\u00faa labor coma docente de Linguaxe Musical. A informaci\u00f3n de todo o proceso de aprendizaxe que realiza o alumnado debe ser co\u00f1ecida polos actores principais, que son os discentes, polo que \u00e9 preciso elaborar ferramentas que axuden a levar a cabo esa adquisici\u00f3n de co\u00f1ecementos. As\u00ed, esta publicaci\u00f3n recolle r\u00fabricas e gu\u00edas auditivas que, sen d\u00fabida, facilitar\u00e1n os obxectivos a adquirir.<\/p>\n","protected":false},"excerpt":{"rendered":"<h4>Propostas de acceso aos distintos cursos das Ensinanzas Elementais e Profesionais de M\u00fasica<\/h4>\n<h5>M\u00f3nica Balo Gonz\u00e1lez<\/h5>\n","protected":false},"featured_media":9425,"template":"","meta":{"om_disable_all_campaigns":false,"_monsterinsights_skip_tracking":false,"_monsterinsights_sitenote_active":false,"_monsterinsights_sitenote_note":"","_monsterinsights_sitenote_category":0},"product_cat":[383,639],"product_tag":[],"aioseo_notices":[],"lang":"es","translations":{"es":9424},"pll_sync_post":[],"_links":{"self":[{"href":"https:\/\/www.dosacordes.es\/web\/wp-json\/wp\/v2\/product\/9424"}],"collection":[{"href":"https:\/\/www.dosacordes.es\/web\/wp-json\/wp\/v2\/product"}],"about":[{"href":"https:\/\/www.dosacordes.es\/web\/wp-json\/wp\/v2\/types\/product"}],"wp:featuredmedia":[{"embeddable":true,"href":"https:\/\/www.dosacordes.es\/web\/wp-json\/wp\/v2\/media\/9425"}],"wp:attachment":[{"href":"https:\/\/www.dosacordes.es\/web\/wp-json\/wp\/v2\/media?parent=9424"}],"wp:term":[{"taxonomy":"product_cat","embeddable":true,"href":"https:\/\/www.dosacordes.es\/web\/wp-json\/wp\/v2\/product_cat?post=9424"},{"taxonomy":"product_tag","embeddable":true,"href":"https:\/\/www.dosacordes.es\/web\/wp-json\/wp\/v2\/product_tag?post=9424"}],"curies":[{"name":"wp","href":"https:\/\/api.w.org\/{rel}","templated":true}]}}