{"id":9380,"date":"2021-04-15T10:41:15","date_gmt":"2021-04-15T08:41:15","guid":{"rendered":"https:\/\/www.dosacordes.es\/web\/?post_type=product&#038;p=9380"},"modified":"2024-03-12T20:20:38","modified_gmt":"2024-03-12T18:20:38","slug":"a-musica-e-mondariz","status":"publish","type":"product","link":"https:\/\/www.dosacordes.es\/web\/producto\/a-musica-e-mondariz\/","title":{"rendered":"A m\u00fasica e Mondariz: historia, personaxes e agrupaci\u00f3ns"},"content":{"rendered":"","protected":false},"excerpt":{"rendered":"<h5>Chiqui Bern\u00e1rdez, Raquel Faro, Felix Rodr\u00edguez M\u00edguez<\/h5>\n","protected":false},"featured_media":9383,"template":"","meta":{"om_disable_all_campaigns":false,"_monsterinsights_skip_tracking":false,"_monsterinsights_sitenote_active":false,"_monsterinsights_sitenote_note":"","_monsterinsights_sitenote_category":0},"product_cat":[348,639],"product_tag":[],"aioseo_notices":[],"lang":"es","translations":{"es":9380},"pll_sync_post":[],"_links":{"self":[{"href":"https:\/\/www.dosacordes.es\/web\/wp-json\/wp\/v2\/product\/9380"}],"collection":[{"href":"https:\/\/www.dosacordes.es\/web\/wp-json\/wp\/v2\/product"}],"about":[{"href":"https:\/\/www.dosacordes.es\/web\/wp-json\/wp\/v2\/types\/product"}],"wp:featuredmedia":[{"embeddable":true,"href":"https:\/\/www.dosacordes.es\/web\/wp-json\/wp\/v2\/media\/9383"}],"wp:attachment":[{"href":"https:\/\/www.dosacordes.es\/web\/wp-json\/wp\/v2\/media?parent=9380"}],"wp:term":[{"taxonomy":"product_cat","embeddable":true,"href":"https:\/\/www.dosacordes.es\/web\/wp-json\/wp\/v2\/product_cat?post=9380"},{"taxonomy":"product_tag","embeddable":true,"href":"https:\/\/www.dosacordes.es\/web\/wp-json\/wp\/v2\/product_tag?post=9380"}],"curies":[{"name":"wp","href":"https:\/\/api.w.org\/{rel}","templated":true}]}}