{"id":9316,"date":"2021-03-17T14:19:15","date_gmt":"2021-03-17T12:19:15","guid":{"rendered":"https:\/\/www.dosacordes.es\/web\/?post_type=product&#038;p=9316"},"modified":"2024-11-06T22:49:10","modified_gmt":"2024-11-06T21:49:10","slug":"dos-sonatas-para-guitarra-k-281-y-k-263","status":"publish","type":"product","link":"https:\/\/www.dosacordes.es\/web\/producto\/dos-sonatas-para-guitarra-k-281-y-k-263\/","title":{"rendered":"Dos sonatas para guitarra (K 281 y K 263)"},"content":{"rendered":"<p>Desde que en 1738 fueron publicados los primeros <em>essercizi<\/em> (las \u00fanicas sonatas que el autor vio publicadas en vida), la m\u00fasica de Scarlatti se ha reescrito, interpretado y adaptado en incontables ocasiones. Sus composiciones han pasado, a lo largo de los siglos, por manos de muchos viejos conocidos (Brahms, Czerny, Chopin, Listz, Mendelssohn&#8230;) y muchos eruditos las han estudiado, analizado y catalogado de diferentes maneras; la conclusi\u00f3n com\u00fan es que las sonatas constituyen un todo homog\u00e9neo, una obra de valor intr\u00ednseco universal que trasciende el significado de una simple composici\u00f3n instrumental, tanto por su perfecci\u00f3n t\u00e9cnica como por su originalidad. Por muchas p\u00e1ginas que se escriban acerca del genio napolitano, es imposible hacer justicia a la inabarcable inventiva de sus sonatas.<\/p>\n<p>Por desgracia, no parece haber sobrevivido versi\u00f3n aut\u00f3grafa alguna de las sonatas pero, de acuerdo a la numeraci\u00f3n cronol\u00f3gica de R. Kirkpatrick, las dos que nos ocupan, para las que tom\u00f3 como referencia el grupo de manuscritos conservados en Venecia, se corresponder\u00edan con dos composiciones supuestamente transcritas alrededor de 1753 por el copista de la reina Mar\u00eda B\u00e1rbara de Braganza. Eso no garantiza, sin embargo, que no fueran compuestas con anterioridad, aunque probablemente dentro de la etapa al servicio de la reina en Espa\u00f1a, entre 1729 y 1757. Tras Kirkpatrick, G. Pestelli realizar\u00eda un nuevo estudio basado en criterios estil\u00edsticos que tambi\u00e9n apunta a la cercana ubicaci\u00f3n cronol\u00f3gica de estas dos sonatas (K 263-P 283), (K 281-P 289).<br \/>\nA pesar de estar numeradas individualmente en todas las fuentes, las sonatas de los manuscritos venecianos aparecen frecuentemente agrupadas de dos en dos o de tres en tres, como si hubiera una intenci\u00f3n de complementaci\u00f3n o contraste de car\u00e1cter entre ellas. No obstante, cada sonata tiene una entidad estil\u00edstica propia que, a nuestro juicio, permite tratarlas unitariamente.<\/p>\n<p>Existen ciertas diferencias, tanto estructurales como est\u00e9ticas, entre estas dos obras. Si bien las dos siguen la estructura b\u00e1sica de la sonata bipartita precl\u00e1sica caracter\u00edstica del autor, la K263 se aparta de la usual modulaci\u00f3n hacia el V grado del final de la primera secci\u00f3n, sustituy\u00e9ndolo por el VI, para iniciar con este la segunda, lo cual no suele ser habitual en sus sonatas. Tambi\u00e9n es notoria la diferencia de car\u00e1cter entre las dos composiciones. La K 281, escrita en ritmo ternario, representa un claro ejemplo de la impronta que dejaron los aires populares y la m\u00fasica de danza en el estilo escarlatiano. La K 263, de f\u00f3rmula binaria y en tonalidad menor, adopta un aire de composici\u00f3n m\u00e1s seria, de corte contrapunt\u00edstico, con pasajes que hacen gala de un cromatismo muy marcado y que la dotan de cierto dramatismo contenido.<\/p>\n<p>La presentaci\u00f3n de las obras en orden inverso a su numeraci\u00f3n responde \u00fanicamente a criterios de dificultad interpretativa. A juzgar por los n\u00fameros, re mayor (K 281) fue la tonalidad preferida por D. Scarlatti para sus sonatas, con 74 composiciones en total, muy por delante de la de mi m (K 263), con 13. En esta edici\u00f3n se han respetado las tonalidades originales, aprovechando que el registro y las propias tonalidades son bastante afines a los rudimentos de la guitarra; adem\u00e1s de alguna concesi\u00f3n que intenta facilitar la interpretaci\u00f3n, deseamos honestamente haber conservado el esp\u00edritu de las composiciones originales.<\/p>\n","protected":false},"excerpt":{"rendered":"<h5>Domenico Scarlatti<\/h5>\n<h6>Dos sonatas para guitarra: K 281 (L 56) y K 263 (L 321)<\/h6>\n<p>Adaptaci\u00f3n: Esteban Fragas Rom\u00e1n<\/p>\n<p>&nbsp;<\/p>\n","protected":false},"featured_media":9317,"template":"","meta":{"om_disable_all_campaigns":false,"_monsterinsights_skip_tracking":false,"_monsterinsights_sitenote_active":false,"_monsterinsights_sitenote_note":"","_monsterinsights_sitenote_category":0},"product_cat":[361],"product_tag":[],"aioseo_notices":[],"lang":"es","translations":{"es":9316,"en":14102},"pll_sync_post":[],"_links":{"self":[{"href":"https:\/\/www.dosacordes.es\/web\/wp-json\/wp\/v2\/product\/9316"}],"collection":[{"href":"https:\/\/www.dosacordes.es\/web\/wp-json\/wp\/v2\/product"}],"about":[{"href":"https:\/\/www.dosacordes.es\/web\/wp-json\/wp\/v2\/types\/product"}],"wp:featuredmedia":[{"embeddable":true,"href":"https:\/\/www.dosacordes.es\/web\/wp-json\/wp\/v2\/media\/9317"}],"wp:attachment":[{"href":"https:\/\/www.dosacordes.es\/web\/wp-json\/wp\/v2\/media?parent=9316"}],"wp:term":[{"taxonomy":"product_cat","embeddable":true,"href":"https:\/\/www.dosacordes.es\/web\/wp-json\/wp\/v2\/product_cat?post=9316"},{"taxonomy":"product_tag","embeddable":true,"href":"https:\/\/www.dosacordes.es\/web\/wp-json\/wp\/v2\/product_tag?post=9316"}],"curies":[{"name":"wp","href":"https:\/\/api.w.org\/{rel}","templated":true}]}}