{"id":8997,"date":"2021-02-24T09:00:52","date_gmt":"2021-02-24T07:00:52","guid":{"rendered":"https:\/\/www.dosacordes.es\/web\/?post_type=product&#038;p=8997"},"modified":"2025-04-01T17:20:30","modified_gmt":"2025-04-01T15:20:30","slug":"una-cosa-rara","status":"publish","type":"product","link":"https:\/\/www.dosacordes.es\/web\/producto\/una-cosa-rara\/","title":{"rendered":"Una cosa rara"},"content":{"rendered":"<p>Debido al gran \u00e9xito que cosech\u00f3 entre el p\u00fablico del siglo XVIII la \u00f3pera <em>Una cosa rara<\/em> de Vicente Mart\u00edn y Soler, a partir de la fecha de su estreno en Viena en 1786, afloraron diversas y numerosas adaptaciones camer\u00edsticas. El objetivo era que la sociedad pudiera continuar disfrutando de su m\u00fasica en cualquier ocasi\u00f3n y de forma sencilla al prescindir del complejo montaje esc\u00e9nico que conlleva la \u00f3pera; desde festividades organizadas por la aristocracia, hasta veladas \u00edntimas entre amigos y familiares burgueses. Adem\u00e1s, este tipo de adaptaciones permit\u00edan difundir y popularizar a\u00fan m\u00e1s dichas melod\u00edas entre el p\u00fablico al no contar con los l\u00edmites de aforo de los teatros y a que la asistencia a los mismos no siempre estaba al alcance de todos los bolsillos y escalones sociales. Precisamente, una de estas adaptaciones es la que presentamos. Concretamente, se trata de la que realiz\u00f3 el compositor bohemio George Druschetzky (1745-1819) para oboe y tr\u00edo de cuerdas (viol\u00edn, viola y violonchelo) y que ha sido reconstruida en la actualidad gracias a la tesis doctoral <em>La m\u00fasica de Vicente Mart\u00edn y Soler a trav\u00e9s de los ojos de G. Druschetzky<\/em>, de Gonzalo Devesa Valera, cuyo resultado ha cristalizado en la presente edici\u00f3n.<\/p>\n<p>Muchas de las adaptaciones de <em>Una cosa rara<\/em> que se hicieron en su d\u00eda se han ido perdiendo con el transcurso de los a\u00f1os. De ah\u00ed la importancia de esta publicaci\u00f3n, al permitirnos recuperar una de ellas, donde el oboe acompa\u00f1ado por las cuerdas asume el material mel\u00f3dico solista m\u00e1s importante.<br \/>\nEn esta edici\u00f3n se recogen doce n\u00fameros del primer acto, entre los que se albergan las melod\u00edas m\u00e1s famosas para el p\u00fablico europeo de los \u00faltimos decenios del siglo XVIII.<\/p>\n","protected":false},"excerpt":{"rendered":"<h5>Vicente Mart\u00edn y Soler<\/h5>\n<h6><em>Una cosa rara, ossia bellezza ed onest\u00e0<\/em><br \/>\npara oboe y tr\u00edo de cuerda<\/h6>\n<p>Adaptaci\u00f3n de G. Druschetzky<br \/>\nReconstrucci\u00f3n de Gonzalo Devesa Valera<br \/>\na partir del manuscrito Druschetzky Ms. mus. 1577 (Colecci\u00f3n de m\u00fasica de la Biblioteca Nacional de Hungr\u00eda)<\/p>\n<p>Partes instrumentales descargables con la compra.<\/p>\n","protected":false},"featured_media":8998,"template":"","meta":{"om_disable_all_campaigns":false,"_monsterinsights_skip_tracking":false,"_monsterinsights_sitenote_active":false,"_monsterinsights_sitenote_note":"","_monsterinsights_sitenote_category":0},"product_cat":[355,384,390,356,635],"product_tag":[],"aioseo_notices":[],"lang":"es","translations":{"es":8997},"pll_sync_post":[],"_links":{"self":[{"href":"https:\/\/www.dosacordes.es\/web\/wp-json\/wp\/v2\/product\/8997"}],"collection":[{"href":"https:\/\/www.dosacordes.es\/web\/wp-json\/wp\/v2\/product"}],"about":[{"href":"https:\/\/www.dosacordes.es\/web\/wp-json\/wp\/v2\/types\/product"}],"wp:featuredmedia":[{"embeddable":true,"href":"https:\/\/www.dosacordes.es\/web\/wp-json\/wp\/v2\/media\/8998"}],"wp:attachment":[{"href":"https:\/\/www.dosacordes.es\/web\/wp-json\/wp\/v2\/media?parent=8997"}],"wp:term":[{"taxonomy":"product_cat","embeddable":true,"href":"https:\/\/www.dosacordes.es\/web\/wp-json\/wp\/v2\/product_cat?post=8997"},{"taxonomy":"product_tag","embeddable":true,"href":"https:\/\/www.dosacordes.es\/web\/wp-json\/wp\/v2\/product_tag?post=8997"}],"curies":[{"name":"wp","href":"https:\/\/api.w.org\/{rel}","templated":true}]}}