{"id":8855,"date":"2021-01-04T09:00:11","date_gmt":"2021-01-04T07:00:11","guid":{"rendered":"https:\/\/www.dosacordes.es\/web\/?post_type=product&#038;p=8855"},"modified":"2025-02-08T17:19:52","modified_gmt":"2025-02-08T16:19:52","slug":"galaica","status":"publish","type":"product","link":"https:\/\/www.dosacordes.es\/web\/producto\/galaica\/","title":{"rendered":"Galaica: Suite sinf\u00f3nica"},"content":{"rendered":"<div style=\"text-align: justify\">\n<p>&nbsp;<\/p>\n<\/div>\n","protected":false},"excerpt":{"rendered":"<h5>Luis Taibo Garc\u00eda<\/h5>\n<p><strong>Edici\u00f3n cr\u00edtica de Alberto Cancela Montes<\/strong><br \/>\n<strong>Con la colaboraci\u00f3n de Beatriz Cancela Montes<\/strong><\/p>\n<p>Fue en el a\u00f1o 1917, en plena Guerra Civil mexicana, cuando Luis Taibo afronta la composici\u00f3n de Galaica, su primera incursi\u00f3n sinf\u00f3nica. El compositor encuentra inspiraci\u00f3n en la lectura del poemario Aromas de leyenda de Valle-Incl\u00e1n, primera entrega de la trilog\u00eda po\u00e9tica Claves l\u00edricas (Aromas de leyenda, 1907; La pipa de Kif, 1919 y El pasajero, 1920) en el que el ilustre escritor gallego rinde homenaje a su tierra natal. El libro se encuentra organizado en catorce poemas, tras un pr\u00f3logo de Rub\u00e9n Dar\u00edo en el que se refiere al \u00abgran don Ram\u00f3n\u00bb como el \u00abde las barbas de chivo\u00bb.<\/p>\n<p>Desde el primer verso Taibo se siente profundamente identificado:<\/p>\n<p style=\"padding-left: 40px\">Ave \u00ab\u00a1Oh, lejanas memorias de la tierra lejana,<br \/>\nolorosas a yerbas frescas por la ma\u00f1ana!<br \/>\n\u00a1Tierra de maizales h\u00famedos y sonoros<br \/>\ndonde cantan del viento los invisibles coros,<br \/>\ncuando deshoja el sol la rosa de sus oros,<br \/>\nen la cima del monte que estremecen los toros.<\/p>\n<p>Casi a modo de redenci\u00f3n, Taibo echa mano de aquellas memorias lejanas; \u00e9l, que nunca olvidar\u00eda sus ra\u00edces ni su identidad gallega la cual, marcada por la emigraci\u00f3n, inevitablemente se acentuar\u00eda con el paso de los a\u00f1os. De este modo en la partitura encontramos dos perspectivas diferentes: por un lado, y cual espesa naturaleza gallega, salvaje y florecida, se van sucediendo motivos mel\u00f3dicos de un fuerte sabor tradicional; por otro, desarrolla una intensa labor t\u00e9cnica desde el punto de vista del lenguaje contempor\u00e1neo, utilizando procedimientos y sonoridades de una enorme madurez, incrementados en t\u00e9rminos de desarrollo de colorido orquestal y del uso de las din\u00e1micas.<\/p>\n<p>Esta dimensi\u00f3n se encuentra directamente relacionada con la realidad mexicana, lo que demuestra la perfecta adaptaci\u00f3n del maestro Taibo en el Nuevo Mundo, sin perder la expresividad sentimental por la patria a\u00f1orada.<\/p>\n<p>Coincidimos con Jo\u00e1m Trillo cuando afirma que los compositores gallegos de la emigraci\u00f3n, \u00abrealizaron unha obra baseada en principios moito mais ambiciosos, coa pretensi\u00f3n de faceren unha obra de arte de amplos contidos e en moitos casos sen pretender en absoluto faceren unha obra \u201cgalega\u201d\u00bb. Este aspecto es precisamente lo que enaltece el lenguaje del maestro Taibo a cotas universales.<\/p>\n","protected":false},"featured_media":8856,"template":"","meta":{"om_disable_all_campaigns":false,"_monsterinsights_skip_tracking":false,"_monsterinsights_sitenote_active":false,"_monsterinsights_sitenote_note":"","_monsterinsights_sitenote_category":0},"product_cat":[636],"product_tag":[],"aioseo_notices":[],"lang":"es","translations":{"es":8855},"pll_sync_post":[],"_links":{"self":[{"href":"https:\/\/www.dosacordes.es\/web\/wp-json\/wp\/v2\/product\/8855"}],"collection":[{"href":"https:\/\/www.dosacordes.es\/web\/wp-json\/wp\/v2\/product"}],"about":[{"href":"https:\/\/www.dosacordes.es\/web\/wp-json\/wp\/v2\/types\/product"}],"wp:featuredmedia":[{"embeddable":true,"href":"https:\/\/www.dosacordes.es\/web\/wp-json\/wp\/v2\/media\/8856"}],"wp:attachment":[{"href":"https:\/\/www.dosacordes.es\/web\/wp-json\/wp\/v2\/media?parent=8855"}],"wp:term":[{"taxonomy":"product_cat","embeddable":true,"href":"https:\/\/www.dosacordes.es\/web\/wp-json\/wp\/v2\/product_cat?post=8855"},{"taxonomy":"product_tag","embeddable":true,"href":"https:\/\/www.dosacordes.es\/web\/wp-json\/wp\/v2\/product_tag?post=8855"}],"curies":[{"name":"wp","href":"https:\/\/api.w.org\/{rel}","templated":true}]}}