{"id":8726,"date":"2020-12-08T22:49:01","date_gmt":"2020-12-08T20:49:01","guid":{"rendered":"https:\/\/www.dosacordes.es\/web\/?post_type=product&#038;p=8726"},"modified":"2024-10-21T09:25:33","modified_gmt":"2024-10-21T07:25:33","slug":"pack-jazz-saxofon","status":"publish","type":"product","link":"https:\/\/www.dosacordes.es\/web\/producto\/pack-jazz-saxofon\/","title":{"rendered":"\u00a1PACK! Jazz saxof\u00f3n, vol. 1 y Jazz saxof\u00f3n, vol. 2"},"content":{"rendered":"","protected":false},"excerpt":{"rendered":"<p>Pack de <a href=\"https:\/\/www.dosacordes.es\/web\/producto\/jazz-saxofon-tecnica-basica-aplicable-a-todos-los-instrumentos-vol-1\/\"><em>Jazz saxof\u00f3n: T\u00e9cnica b\u00e1sica aplicable a todos los instrumentos, vol. 1<\/em><\/a> y\u00a0<a href=\"https:\/\/www.dosacordes.es\/web\/producto\/jazz-saxofon-tecnica-basica-aplicable-a-todos-los-instrumentos-vol-2\/\"><em>Jazz saxof\u00f3n: T\u00e9cnica b\u00e1sica aplicable a todos los instrumentos, vol. 2.<\/em><\/a><\/p>\n","protected":false},"featured_media":10812,"template":"","meta":{"om_disable_all_campaigns":false,"_monsterinsights_skip_tracking":false,"_monsterinsights_sitenote_active":false,"_monsterinsights_sitenote_note":"","_monsterinsights_sitenote_category":0},"product_cat":[382,637],"product_tag":[],"aioseo_notices":[],"lang":"es","translations":{"es":8726},"pll_sync_post":[],"_links":{"self":[{"href":"https:\/\/www.dosacordes.es\/web\/wp-json\/wp\/v2\/product\/8726"}],"collection":[{"href":"https:\/\/www.dosacordes.es\/web\/wp-json\/wp\/v2\/product"}],"about":[{"href":"https:\/\/www.dosacordes.es\/web\/wp-json\/wp\/v2\/types\/product"}],"wp:featuredmedia":[{"embeddable":true,"href":"https:\/\/www.dosacordes.es\/web\/wp-json\/wp\/v2\/media\/10812"}],"wp:attachment":[{"href":"https:\/\/www.dosacordes.es\/web\/wp-json\/wp\/v2\/media?parent=8726"}],"wp:term":[{"taxonomy":"product_cat","embeddable":true,"href":"https:\/\/www.dosacordes.es\/web\/wp-json\/wp\/v2\/product_cat?post=8726"},{"taxonomy":"product_tag","embeddable":true,"href":"https:\/\/www.dosacordes.es\/web\/wp-json\/wp\/v2\/product_tag?post=8726"}],"curies":[{"name":"wp","href":"https:\/\/api.w.org\/{rel}","templated":true}]}}