{"id":8448,"date":"2020-10-20T18:14:00","date_gmt":"2020-10-20T16:14:00","guid":{"rendered":"https:\/\/www.dosacordes.es\/web\/?post_type=product&#038;p=8448"},"modified":"2020-11-13T14:12:25","modified_gmt":"2020-11-13T12:12:25","slug":"ponte-a-tono-vol-3-libro-del-profesor","status":"publish","type":"product","link":"https:\/\/www.dosacordes.es\/web\/producto\/ponte-a-tono-vol-3-libro-del-profesor\/","title":{"rendered":"\u00a1Ponte a tono!, vol. 3: Libro del profesor"},"content":{"rendered":"","protected":false},"excerpt":{"rendered":"<h5>Fernando Ruibal, Lorena Varela<\/h5>\n<p><i>\u00a1Ponte a tono!<\/i> presenta una nueva metodolog\u00eda pr\u00e1ctica de aprendizaje cuyo objetivo principal es organizar la mente del m\u00fasico a temprana edad a trav\u00e9s de la Educaci\u00f3n auditiva y vocal. Con este libro conseguiremos que el alumnado trabaje y profundice en los aspectos m\u00e1s transcendentes y concretos de la entonaci\u00f3n a partir de la interiorizaci\u00f3n sonora de las diferentes escalas, intervalos y acordes que se dan en el sistema musical occidental. El segundo volumen completa lo estudiado en el primero, con el conocimiento de m\u00e1s tetracordos y su entonaci\u00f3n, la conjunci\u00f3n de dos tetracordos distintos, los tetracordos arm\u00f3nicos, los arpegios y, por \u00faltimo, la entonaci\u00f3n de melod\u00edas. La metodolog\u00eda propuesta presenta influencias del m\u00e9todo Kod\u00e1ly; mediante su aplicaci\u00f3n en el aula, el alumnado adquiere una perspectiva de sonidos y proporciones interv\u00e1licas dentro de un sistema organizado.El libro se complementa con videos tutoriales que facilitan la comprensi\u00f3n de la metodolog\u00eda. Los contenidos se desarrollan y organizan de acuerdo con los de Lenguaje Musical.<\/p>\n<p>Descarga gratuita.<\/p>\n","protected":false},"featured_media":8447,"template":"","meta":{"om_disable_all_campaigns":false,"_monsterinsights_skip_tracking":false,"_monsterinsights_sitenote_active":false,"_monsterinsights_sitenote_note":"","_monsterinsights_sitenote_category":0},"product_cat":[383],"product_tag":[],"aioseo_notices":[],"lang":"es","translations":{"es":8448},"pll_sync_post":[],"_links":{"self":[{"href":"https:\/\/www.dosacordes.es\/web\/wp-json\/wp\/v2\/product\/8448"}],"collection":[{"href":"https:\/\/www.dosacordes.es\/web\/wp-json\/wp\/v2\/product"}],"about":[{"href":"https:\/\/www.dosacordes.es\/web\/wp-json\/wp\/v2\/types\/product"}],"wp:featuredmedia":[{"embeddable":true,"href":"https:\/\/www.dosacordes.es\/web\/wp-json\/wp\/v2\/media\/8447"}],"wp:attachment":[{"href":"https:\/\/www.dosacordes.es\/web\/wp-json\/wp\/v2\/media?parent=8448"}],"wp:term":[{"taxonomy":"product_cat","embeddable":true,"href":"https:\/\/www.dosacordes.es\/web\/wp-json\/wp\/v2\/product_cat?post=8448"},{"taxonomy":"product_tag","embeddable":true,"href":"https:\/\/www.dosacordes.es\/web\/wp-json\/wp\/v2\/product_tag?post=8448"}],"curies":[{"name":"wp","href":"https:\/\/api.w.org\/{rel}","templated":true}]}}