{"id":7692,"date":"2019-09-20T20:39:44","date_gmt":"2019-09-20T18:39:44","guid":{"rendered":"http:\/\/www.dosacordes.es\/web\/?post_type=product&#038;p=7692"},"modified":"2020-08-24T17:33:55","modified_gmt":"2020-08-24T15:33:55","slug":"descarga-libre-ponte-a-tono-1-libro-del-profesor","status":"publish","type":"product","link":"https:\/\/www.dosacordes.es\/web\/producto\/descarga-libre-ponte-a-tono-1-libro-del-profesor\/","title":{"rendered":"\u00a1Ponte a tono!, vol. 1: Libro del profesor"},"content":{"rendered":"","protected":false},"excerpt":{"rendered":"<h5>Fernando Ruibal, Lorena Varela<\/h5>\n<p><em>\u00a1Ponte a tono!<\/em> presenta una nueva metodolog\u00eda pr\u00e1ctica de aprendizaje cuyo objetivo principal es organizar la mente del m\u00fasico a temprana edad a trav\u00e9s de la Educaci\u00f3n auditiva y vocal.<br \/>\nCon este libro conseguiremos que el alumnado trabaje y profundice en los aspectos m\u00e1s transcendentes y concretos de la entonaci\u00f3n a partir de la interiorizaci\u00f3n sonora de las diferentes escalas, intervalos y acordes que se dan en el sistema musical occidental.<br \/>\nEste primer volumen comienza de modo progresivo, con el conocimiento del tetracordo y su entonaci\u00f3n, la escala y su entonaci\u00f3n, los intervalos derivados de ella y su entonaci\u00f3n y, por \u00faltimo, la entonaci\u00f3n de melod\u00edas.<br \/>\nLa metodolog\u00eda propuesta presenta influencias del m\u00e9todo Kod\u00e1ly; mediante su aplicaci\u00f3n en el aula, el alumnado adquiere una perspectiva de sonidos y proporciones interv\u00e1licas dentro de un sistema organizado.<br \/>\nEl libro se complementa con videos tutoriales que facilitan la comprensi\u00f3n de la metodolog\u00eda. Los contenidos se desarrollan y organizan de acuerdo con los de Lenguaje musical.<br \/>\nEste libro es, en suma, el resultado de nuestra intenci\u00f3n de confeccionar un m\u00e9todo para construir el mundo sonoro-musical interno de nuestros peque\u00f1os m\u00fasicos.<\/p>\n<p>Descarga gratuita.<\/p>\n","protected":false},"featured_media":7787,"template":"","meta":{"om_disable_all_campaigns":false,"_monsterinsights_skip_tracking":false,"_monsterinsights_sitenote_active":false,"_monsterinsights_sitenote_note":"","_monsterinsights_sitenote_category":0},"product_cat":[383],"product_tag":[],"aioseo_notices":[],"lang":"es","translations":{"es":7692},"pll_sync_post":[],"_links":{"self":[{"href":"https:\/\/www.dosacordes.es\/web\/wp-json\/wp\/v2\/product\/7692"}],"collection":[{"href":"https:\/\/www.dosacordes.es\/web\/wp-json\/wp\/v2\/product"}],"about":[{"href":"https:\/\/www.dosacordes.es\/web\/wp-json\/wp\/v2\/types\/product"}],"wp:featuredmedia":[{"embeddable":true,"href":"https:\/\/www.dosacordes.es\/web\/wp-json\/wp\/v2\/media\/7787"}],"wp:attachment":[{"href":"https:\/\/www.dosacordes.es\/web\/wp-json\/wp\/v2\/media?parent=7692"}],"wp:term":[{"taxonomy":"product_cat","embeddable":true,"href":"https:\/\/www.dosacordes.es\/web\/wp-json\/wp\/v2\/product_cat?post=7692"},{"taxonomy":"product_tag","embeddable":true,"href":"https:\/\/www.dosacordes.es\/web\/wp-json\/wp\/v2\/product_tag?post=7692"}],"curies":[{"name":"wp","href":"https:\/\/api.w.org\/{rel}","templated":true}]}}