{"id":7690,"date":"2020-08-22T20:13:27","date_gmt":"2020-08-22T18:13:27","guid":{"rendered":"http:\/\/www.dosacordes.es\/web\/?post_type=product&#038;p=7690"},"modified":"2020-09-05T20:09:27","modified_gmt":"2020-09-05T18:09:27","slug":"descarga-libre-cadernos-de-gaita-26-estudios-y-obras-contemporaneas-para-gaita-asturiana","status":"publish","type":"product","link":"https:\/\/www.dosacordes.es\/web\/producto\/descarga-libre-cadernos-de-gaita-26-estudios-y-obras-contemporaneas-para-gaita-asturiana\/","title":{"rendered":"Cadernos de gaita 26: Estudios y obras contempor\u00e1neas para gaita asturiana"},"content":{"rendered":"","protected":false},"excerpt":{"rendered":"<h5>Manuel Alejandre Prada<\/h5>\n<p>Podr\u00e1s acceder a un archivo digital con material complementario en cuanto hayas completado el pago o a trav\u00e9s de la p\u00e1gina <em>Mi cuenta<\/em>. Si has adquirido esta publicaci\u00f3n a trav\u00e9s de otro canal de distribuci\u00f3n, puedes descargar este material <a href=\"\/web\/download\/cadernos-de-gaita-26-estudios-y-obras-contemporaneas-para-gaita-asturiana\/\">aqu\u00ed<\/a>.<\/p>\n","protected":false},"featured_media":7816,"template":"","meta":{"om_disable_all_campaigns":false,"_monsterinsights_skip_tracking":false,"_monsterinsights_sitenote_active":false,"_monsterinsights_sitenote_note":"","_monsterinsights_sitenote_category":0},"product_cat":[347],"product_tag":[],"aioseo_notices":[],"lang":"es","translations":{"es":7690},"pll_sync_post":[],"_links":{"self":[{"href":"https:\/\/www.dosacordes.es\/web\/wp-json\/wp\/v2\/product\/7690"}],"collection":[{"href":"https:\/\/www.dosacordes.es\/web\/wp-json\/wp\/v2\/product"}],"about":[{"href":"https:\/\/www.dosacordes.es\/web\/wp-json\/wp\/v2\/types\/product"}],"wp:featuredmedia":[{"embeddable":true,"href":"https:\/\/www.dosacordes.es\/web\/wp-json\/wp\/v2\/media\/7816"}],"wp:attachment":[{"href":"https:\/\/www.dosacordes.es\/web\/wp-json\/wp\/v2\/media?parent=7690"}],"wp:term":[{"taxonomy":"product_cat","embeddable":true,"href":"https:\/\/www.dosacordes.es\/web\/wp-json\/wp\/v2\/product_cat?post=7690"},{"taxonomy":"product_tag","embeddable":true,"href":"https:\/\/www.dosacordes.es\/web\/wp-json\/wp\/v2\/product_tag?post=7690"}],"curies":[{"name":"wp","href":"https:\/\/api.w.org\/{rel}","templated":true}]}}