{"id":7684,"date":"2017-12-28T19:43:42","date_gmt":"2017-12-28T17:43:42","guid":{"rendered":"http:\/\/www.dosacordes.es\/web\/?post_type=product&#038;p=7684"},"modified":"2020-08-24T17:53:39","modified_gmt":"2020-08-24T15:53:39","slug":"descarga-libre-fantasia-sobre-o-galopin-para-piano","status":"publish","type":"product","link":"https:\/\/www.dosacordes.es\/web\/producto\/descarga-libre-fantasia-sobre-o-galopin-para-piano\/","title":{"rendered":"Fantas\u00eda sobre \u00abO galop\u00edn\u00bb: Para piano"},"content":{"rendered":"","protected":false},"excerpt":{"rendered":"<h5>Juan Dur\u00e1n<\/h5>\n<p>Compuesta expresamente para el II Concurso internacional de piano \u00abCidade de Vigo\u00bb (Edici\u00f3n Alicia de Larrocha) el compositor, uno de los m\u00e1s antiguos autores de Dos Acordes (recordemos su obra did\u00e1ctica <i>Juguetes<\/i>),<i>\u00a0<\/i>vuelve a sorprendernos al demostrar su capacidad a la hora de componer para todos los instrumentos y formaciones. Partiendo de una pieza popular, tan conocida y reproducida como <i>O Galop\u00edn<\/i>, nos ofrece una versi\u00f3n en la que, sin perder la esencia del car\u00e1cter popular en el tratamiento mel\u00f3dico, el pianista se enfrenta a una gama de colores y cromatismos que explotan las posibilidades del instrumento, haciendo auditivamente f\u00e1cil lo t\u00e9cnicamente complejo. Indispensable en la literatura del instrumento, esta obra es fruto del primer encargo de la Asociaci\u00f3n de M\u00fasica Cl\u00e1sica de Galicia para su Concurso internacional de piano que, en esta edici\u00f3n, ha reca\u00eddo en nuestro compositor m\u00e1s internacional. Una serie que editar\u00e1, a\u00f1o tras a\u00f1o, Dos Acordes.<\/p>\n<p>Descarga gratuita.<\/p>\n","protected":false},"featured_media":7492,"template":"","meta":{"om_disable_all_campaigns":false,"_monsterinsights_skip_tracking":false,"_monsterinsights_sitenote_active":false,"_monsterinsights_sitenote_note":"","_monsterinsights_sitenote_category":0},"product_cat":[353],"product_tag":[],"aioseo_notices":[],"lang":"es","translations":{"es":7684},"pll_sync_post":[],"_links":{"self":[{"href":"https:\/\/www.dosacordes.es\/web\/wp-json\/wp\/v2\/product\/7684"}],"collection":[{"href":"https:\/\/www.dosacordes.es\/web\/wp-json\/wp\/v2\/product"}],"about":[{"href":"https:\/\/www.dosacordes.es\/web\/wp-json\/wp\/v2\/types\/product"}],"wp:featuredmedia":[{"embeddable":true,"href":"https:\/\/www.dosacordes.es\/web\/wp-json\/wp\/v2\/media\/7492"}],"wp:attachment":[{"href":"https:\/\/www.dosacordes.es\/web\/wp-json\/wp\/v2\/media?parent=7684"}],"wp:term":[{"taxonomy":"product_cat","embeddable":true,"href":"https:\/\/www.dosacordes.es\/web\/wp-json\/wp\/v2\/product_cat?post=7684"},{"taxonomy":"product_tag","embeddable":true,"href":"https:\/\/www.dosacordes.es\/web\/wp-json\/wp\/v2\/product_tag?post=7684"}],"curies":[{"name":"wp","href":"https:\/\/api.w.org\/{rel}","templated":true}]}}