{"id":7406,"date":"2020-07-08T13:57:02","date_gmt":"2020-07-08T11:57:02","guid":{"rendered":"http:\/\/www.dosacordes.es\/web\/?post_type=product&#038;p=7406"},"modified":"2025-09-25T11:51:22","modified_gmt":"2025-09-25T09:51:22","slug":"temario-de-fundamentos-de-composicion-vol-2","status":"publish","type":"product","link":"https:\/\/www.dosacordes.es\/web\/producto\/temario-de-fundamentos-de-composicion-vol-2\/","title":{"rendered":"Temario de Fundamentos de Composici\u00f3n, vol. 2"},"content":{"rendered":"","protected":false},"excerpt":{"rendered":"<h5>Borja Granell Ciscar, Sa\u00fal Chapela D\u00edaz, Mateo Iglesias Seoane, M.\u00aa de los Remedios V\u00e1zquez Gonz\u00e1lez, Javier Jurado Luque<\/h5>\n<p>Correspondiente al Cuerpo de Profesores de M\u00fasica y Artes Esc\u00e9nicas. Seg\u00fan Orden ECD\/1753\/2015, de 25 de agosto, por la que se aprueban los temarios que han de regir en los procedimientos de ingreso, acceso y adquisici\u00f3n de nuevas especialidades en el Cuerpo de Profesores de M\u00fasica y Artes Esc\u00e9nicas (BOE del 28 de agosto de 2015).<\/p>\n","protected":false},"featured_media":12748,"template":"","meta":{"om_disable_all_campaigns":false,"_monsterinsights_skip_tracking":false,"_monsterinsights_sitenote_active":false,"_monsterinsights_sitenote_note":"","_monsterinsights_sitenote_category":0},"product_cat":[640],"product_tag":[],"aioseo_notices":[],"lang":"es","translations":{"es":7406},"pll_sync_post":[],"_links":{"self":[{"href":"https:\/\/www.dosacordes.es\/web\/wp-json\/wp\/v2\/product\/7406"}],"collection":[{"href":"https:\/\/www.dosacordes.es\/web\/wp-json\/wp\/v2\/product"}],"about":[{"href":"https:\/\/www.dosacordes.es\/web\/wp-json\/wp\/v2\/types\/product"}],"wp:featuredmedia":[{"embeddable":true,"href":"https:\/\/www.dosacordes.es\/web\/wp-json\/wp\/v2\/media\/12748"}],"wp:attachment":[{"href":"https:\/\/www.dosacordes.es\/web\/wp-json\/wp\/v2\/media?parent=7406"}],"wp:term":[{"taxonomy":"product_cat","embeddable":true,"href":"https:\/\/www.dosacordes.es\/web\/wp-json\/wp\/v2\/product_cat?post=7406"},{"taxonomy":"product_tag","embeddable":true,"href":"https:\/\/www.dosacordes.es\/web\/wp-json\/wp\/v2\/product_tag?post=7406"}],"curies":[{"name":"wp","href":"https:\/\/api.w.org\/{rel}","templated":true}]}}