{"id":3707,"date":"2020-05-30T03:23:50","date_gmt":"2020-05-30T03:23:50","guid":{"rendered":"http:\/\/www.dosacordes.es\/web\/?product=baritonismo-para-saxo-baratono"},"modified":"2021-05-06T00:31:22","modified_gmt":"2021-05-05T22:31:22","slug":"baritonismo-para-saxo-baratono","status":"publish","type":"product","link":"https:\/\/www.dosacordes.es\/web\/producto\/baritonismo-para-saxo-baratono\/","title":{"rendered":"Baritonismo: Para saxo bar\u00edtono"},"content":{"rendered":"","protected":false},"excerpt":{"rendered":"<h5>Nani Garc\u00eda Silva<\/h5>\n<div>\n<p class=\"p1\"><em><span class=\"s1\">Baritonismo <\/span><\/em>(2019), dedicada a Tom\u00e1s Alonso, refleja la amplia formaci\u00f3n y experiencia del autor, que afirma al respecto: \u00abEn este caso, m\u00e1s que de autores en particular, podemos hablar de la influencia, siempre presente, de mi relaci\u00f3n con el jazz\u00bb.<\/p>\n<p class=\"p2\">Baritonismo parte de una concepci\u00f3n pian\u00edstica desde la que acercarse a los recursos que ofrece el saxo, en un proceso opuesto al planteado en su d\u00eda por Tete Montoli\u00fa, que descubri\u00f3 el <i>bebop<\/i> y lo aplic\u00f3 al piano desde la sonoridad del saxo de Charlie Parker. A pesar de estar escrita, la pieza sugiere al oyente una sensaci\u00f3n de improvisaci\u00f3n. Para redundar en este efecto, emplea gran riqueza de articulaciones, as\u00ed como matices ag\u00f3gicos y din\u00e1micos, que proporcionan esa sensaci\u00f3n de creaci\u00f3n en el instante, hecho al que ayuda la sonoridad del saxo bar\u00edtono y su amplio rango din\u00e1mico, que discurre entre la potencia y la ternura.<\/p>\n<\/div>\n","protected":false},"featured_media":7423,"template":"","meta":{"om_disable_all_campaigns":false,"_monsterinsights_skip_tracking":false,"_monsterinsights_sitenote_active":false,"_monsterinsights_sitenote_note":"","_monsterinsights_sitenote_category":0},"product_cat":[382],"product_tag":[],"aioseo_notices":[],"lang":"es","translations":{"es":3707},"pll_sync_post":[],"_links":{"self":[{"href":"https:\/\/www.dosacordes.es\/web\/wp-json\/wp\/v2\/product\/3707"}],"collection":[{"href":"https:\/\/www.dosacordes.es\/web\/wp-json\/wp\/v2\/product"}],"about":[{"href":"https:\/\/www.dosacordes.es\/web\/wp-json\/wp\/v2\/types\/product"}],"wp:featuredmedia":[{"embeddable":true,"href":"https:\/\/www.dosacordes.es\/web\/wp-json\/wp\/v2\/media\/7423"}],"wp:attachment":[{"href":"https:\/\/www.dosacordes.es\/web\/wp-json\/wp\/v2\/media?parent=3707"}],"wp:term":[{"taxonomy":"product_cat","embeddable":true,"href":"https:\/\/www.dosacordes.es\/web\/wp-json\/wp\/v2\/product_cat?post=3707"},{"taxonomy":"product_tag","embeddable":true,"href":"https:\/\/www.dosacordes.es\/web\/wp-json\/wp\/v2\/product_tag?post=3707"}],"curies":[{"name":"wp","href":"https:\/\/api.w.org\/{rel}","templated":true}]}}