{"id":3689,"date":"2020-02-27T16:44:42","date_gmt":"2020-02-27T14:44:42","guid":{"rendered":"http:\/\/www.dosacordes.es\/web\/?product=temario-de-fundamentos-de-composicia%c2%b3n-volumen-i"},"modified":"2025-10-14T20:08:56","modified_gmt":"2025-10-14T18:08:56","slug":"temario-de-fundamentos-de-composicia%c2%b3n-volumen-i","status":"publish","type":"product","link":"https:\/\/www.dosacordes.es\/web\/producto\/temario-de-fundamentos-de-composicia%c2%b3n-volumen-i\/","title":{"rendered":"Temario de Fundamentos de Composici\u00f3n, vol. 1"},"content":{"rendered":"<div><\/div>\n<div><\/div>\n<div><\/div>\n<div><\/div>\n","protected":false},"excerpt":{"rendered":"<h5>Juan Manuel Eiras Tojo, Borja Granell Ciscar, V\u00edctor Vall\u00e9s Fornet<\/h5>\n<div><span style=\"float: none; background-color: #edf3f4; color: #757575; cursor: text; font-family: 'Montserrat',sans-serif; font-size: 14px; font-style: normal; font-variant: normal; font-weight: 400; letter-spacing: normal; text-align: left; text-decoration: none; text-indent: 0px; text-transform: none;\">Correspondiente al Cuerpo de Profesores de M\u00fasica y Artes Esc\u00e9nicas. Seg\u00fan Orden ECD\/1753\/2015, de 25 de agosto, por la que se aprueban los temarios que han de regir en los procedimientos de ingreso, acceso y adquisici\u00f3n de nuevas especialidades en el Cuerpo de Profesores de M\u00fasica y Artes Esc\u00e9nicas (BOE del 28 de agosto de 2015).<\/span><\/div>\n<div><\/div>\n<div><\/div>\n<div>Haz click en este enlace para ver una muestra:<\/div>\n<div><\/div>\n<div><a href=\"https:\/\/www.dosacordes.es\/muestras_pdf\/muestra_temario_fundamentos1_web.pdf\" target=\"_blank\" rel=\"noopener noreferrer\" data-saferedirecturl=\"https:\/\/www.google.com\/url?q=https:\/\/www.dosacordes.es\/muestras_pdf\/muestra_temario_fundamentos1_web.pdf&amp;source=gmail&amp;ust=1582903818367000&amp;usg=AFQjCNFCYe9brT7amJL9B_nKl44of7_vJA\">https:\/\/www.dosacordes.es\/muestras_pdf\/muestra_temario_fundamentos1_web.pdf<\/a><\/div>\n<div><\/div>\n","protected":false},"featured_media":7454,"template":"","meta":{"om_disable_all_campaigns":false,"_monsterinsights_skip_tracking":false,"_monsterinsights_sitenote_active":false,"_monsterinsights_sitenote_note":"","_monsterinsights_sitenote_category":0},"product_cat":[640],"product_tag":[],"aioseo_notices":[],"lang":"es","translations":{"es":3689},"pll_sync_post":[],"_links":{"self":[{"href":"https:\/\/www.dosacordes.es\/web\/wp-json\/wp\/v2\/product\/3689"}],"collection":[{"href":"https:\/\/www.dosacordes.es\/web\/wp-json\/wp\/v2\/product"}],"about":[{"href":"https:\/\/www.dosacordes.es\/web\/wp-json\/wp\/v2\/types\/product"}],"wp:featuredmedia":[{"embeddable":true,"href":"https:\/\/www.dosacordes.es\/web\/wp-json\/wp\/v2\/media\/7454"}],"wp:attachment":[{"href":"https:\/\/www.dosacordes.es\/web\/wp-json\/wp\/v2\/media?parent=3689"}],"wp:term":[{"taxonomy":"product_cat","embeddable":true,"href":"https:\/\/www.dosacordes.es\/web\/wp-json\/wp\/v2\/product_cat?post=3689"},{"taxonomy":"product_tag","embeddable":true,"href":"https:\/\/www.dosacordes.es\/web\/wp-json\/wp\/v2\/product_tag?post=3689"}],"curies":[{"name":"wp","href":"https:\/\/api.w.org\/{rel}","templated":true}]}}