{"id":3685,"date":"2020-05-30T03:23:13","date_gmt":"2020-05-30T03:23:13","guid":{"rendered":"http:\/\/www.dosacordes.es\/web\/?product=oia-para-tenor-e-guitarra"},"modified":"2025-12-15T14:21:20","modified_gmt":"2025-12-15T13:21:20","slug":"oia-para-tenor-e-guitarra","status":"publish","type":"product","link":"https:\/\/www.dosacordes.es\/web\/producto\/oia-para-tenor-e-guitarra\/","title":{"rendered":"Oia: Para tenor e guitarra"},"content":{"rendered":"","protected":false},"excerpt":{"rendered":"<h5>Gloria Rodr\u00edguez Gil<\/h5>\n<div><\/div>\n<div>\n<p class=\"p1\">Oia \u00e9 unha peza composta entre finais do ano 2013 e febreiro de 2014. Nace a ra\u00edz dun proxecto de concerto para tenor e guitarra, que finalmente non se puido celebrar. Foi as\u00ed como a compositora realiza unha versi\u00f3n para tenor e piano con clarinete opcional, para ser estreada neste novo formato\u00c2 na igrexa do mosteiro de Oia o 14 de Xu\u00f1o de 2014 dentro do concerto \u00e2\u20ac\u0153I sons do mosteiro\u00e2\u20ac\u009d\u00c2 organizado pola asociaci\u00f3n ACAMO. A interpretaci\u00f3n correu a cargo do tenor Jos\u00e9 Antonio\u00c2 Campo, o pianista Severino Ortiz e o clarinetista Ux\u00edo Pazos. Dende aqu\u00ed doulles as grazas pola\u00c2 s\u00faa sentida estrea.<\/p>\n<p class=\"p2\">A dixitaci\u00f3n foi revisada por Yago A. Reigosa, e a parte do tenor por Jos\u00e9 Antonio Campo, para\u00c2\u00a0quen se adaptou lixeiramente a li\u00f1a de voz orixinal.<\/p>\n<p class=\"p2\">No ano 2015 o tenor Enrique A. Mart\u00ednez contacta coa compositora para gravar Oia na s\u00faa\u00c2\u00a0versi\u00f3n orixinal, para que forme parte do disco posteriormente chamado Illa de n\u00f3s. O t\u00edtulo foi\u00c2\u00a0tomado dun dos haikus do poeta Rom\u00e1n Ra\u00f1a aos que Gloria R.G. puxo m\u00fasica e que tam\u00e9n<\/p>\n<p class=\"p2\">forman parte deste disco, subvencionado por tres instituci\u00f3ns galegas para reco\u00f1ecer o esforzo dos estudantes dos Conservatorios Superiores de M\u00fasica de Galiza, neste caso o Primeiro Premio \u00e1 excelencia musical que obtivo o tenor Enrique en 2015. A gravaci\u00f3n da parte de guitarra foi levada a cabo polo guitarrista Ant\u00f3n Galovart Araguas, a gravaci\u00f3n da peza ten unha duraci\u00f3n total de 6 minutos e 12 segundos e a d\u00eda de hoxe non foi estreada publicamente.<\/p>\n<p class=\"p2\">Por que Oia? Porque en Oia \u00e9 onde vive a compositora desde hai m\u00e1is de 20 anos, terra da cal est\u00e1 namorada. A autor\u00eda do texto permanece no anonimato respectando o desexo do seu autor, texto dunha gran riqueza expresiva, situ\u00e1ndose en cada un dos puntos cardinais para describir dende eles a estampa que esta paraxe sen igual agasalla, cunha luz e un mar diferentes cada d\u00eda.<\/p>\n<\/div>\n","protected":false},"featured_media":7428,"template":"","meta":{"om_disable_all_campaigns":false,"_monsterinsights_skip_tracking":false,"_monsterinsights_sitenote_active":false,"_monsterinsights_sitenote_note":"","_monsterinsights_sitenote_category":0},"product_cat":[361,360],"product_tag":[],"aioseo_notices":[],"lang":"es","translations":{"es":3685},"pll_sync_post":[],"_links":{"self":[{"href":"https:\/\/www.dosacordes.es\/web\/wp-json\/wp\/v2\/product\/3685"}],"collection":[{"href":"https:\/\/www.dosacordes.es\/web\/wp-json\/wp\/v2\/product"}],"about":[{"href":"https:\/\/www.dosacordes.es\/web\/wp-json\/wp\/v2\/types\/product"}],"wp:featuredmedia":[{"embeddable":true,"href":"https:\/\/www.dosacordes.es\/web\/wp-json\/wp\/v2\/media\/7428"}],"wp:attachment":[{"href":"https:\/\/www.dosacordes.es\/web\/wp-json\/wp\/v2\/media?parent=3685"}],"wp:term":[{"taxonomy":"product_cat","embeddable":true,"href":"https:\/\/www.dosacordes.es\/web\/wp-json\/wp\/v2\/product_cat?post=3685"},{"taxonomy":"product_tag","embeddable":true,"href":"https:\/\/www.dosacordes.es\/web\/wp-json\/wp\/v2\/product_tag?post=3685"}],"curies":[{"name":"wp","href":"https:\/\/api.w.org\/{rel}","templated":true}]}}