{"id":3679,"date":"2020-05-30T03:23:05","date_gmt":"2020-05-30T03:23:05","guid":{"rendered":"http:\/\/www.dosacordes.es\/web\/?product=bagoas-para-grupo-instrumental-de-vento"},"modified":"2020-07-22T14:16:37","modified_gmt":"2020-07-22T12:16:37","slug":"bagoas-para-grupo-instrumental-de-vento","status":"publish","type":"product","link":"https:\/\/www.dosacordes.es\/web\/producto\/bagoas-para-grupo-instrumental-de-vento\/","title":{"rendered":"B\u00e1goas: Para grupo instrumental de vento, cordas e pequena percusi\u00f3n"},"content":{"rendered":"<div>\n<p class=\"p1\">\n<\/div>\n<div><\/div>\n<div><\/div>\n","protected":false},"excerpt":{"rendered":"<p>&nbsp;<\/p>\n<div><\/div>\n<h5>Mois\u00e9s Bernardo L\u00f3pez<\/h5>\n<div><\/div>\n<div>\n<p class=\"p1\"><span style=\"font-size: medium;\">Composta por encargo da agrupaci\u00f3n lucense Lucus Ensemble, forma parte dun grupo de tres <\/span>pezas independentes cada una delas (B\u00e1goas, Piadades e Momentum), pertencentes a un mesmo ciclo de concertos. \u00abO Son do Tempo\u00bb, \u00e9 o proxecto que -en colaboraci\u00f3n co Centro de Artesan\u00eda e Dese\u00f1o da Diputaci\u00f3n de Lugo (CENTRAD) &#8211; serviu de marco integrador da s\u00faa estrea, o 14 de abril do 2019 na igrexa rom\u00e1nica de Santa Mari\u00f1a de Antas.<\/p>\n<p class=\"p1\"><span style=\"font-size: medium;\">Aposta pola riqueza t\u00edmbrica, establecendo unha simbiose entre instrumentos modernos e <\/span>tradicionais xunto co emprego das novas tecnolox\u00edas. Crea un espazo de experimentaci\u00f3n, no que a conxunci\u00f3n do lirismo mel\u00f3dico convive con certo aroma de m\u00fasica circense, creando reminiscencias da perpetua infancia latente en cada un de n\u00f3s.<\/p>\n<\/div>\n","protected":false},"featured_media":7475,"template":"","meta":{"om_disable_all_campaigns":false,"_monsterinsights_skip_tracking":false,"_monsterinsights_sitenote_active":false,"_monsterinsights_sitenote_note":"","_monsterinsights_sitenote_category":0},"product_cat":[355],"product_tag":[],"aioseo_notices":[],"lang":"es","translations":{"es":3679},"pll_sync_post":[],"_links":{"self":[{"href":"https:\/\/www.dosacordes.es\/web\/wp-json\/wp\/v2\/product\/3679"}],"collection":[{"href":"https:\/\/www.dosacordes.es\/web\/wp-json\/wp\/v2\/product"}],"about":[{"href":"https:\/\/www.dosacordes.es\/web\/wp-json\/wp\/v2\/types\/product"}],"wp:featuredmedia":[{"embeddable":true,"href":"https:\/\/www.dosacordes.es\/web\/wp-json\/wp\/v2\/media\/7475"}],"wp:attachment":[{"href":"https:\/\/www.dosacordes.es\/web\/wp-json\/wp\/v2\/media?parent=3679"}],"wp:term":[{"taxonomy":"product_cat","embeddable":true,"href":"https:\/\/www.dosacordes.es\/web\/wp-json\/wp\/v2\/product_cat?post=3679"},{"taxonomy":"product_tag","embeddable":true,"href":"https:\/\/www.dosacordes.es\/web\/wp-json\/wp\/v2\/product_tag?post=3679"}],"curies":[{"name":"wp","href":"https:\/\/api.w.org\/{rel}","templated":true}]}}