{"id":3674,"date":"2020-05-30T03:22:56","date_gmt":"2020-05-30T01:22:56","guid":{"rendered":"http:\/\/www.dosacordes.es\/web\/?product=programacia%c2%b3n-didactica-de-lenguaje-musical-1a%c2%ba-profesional"},"modified":"2026-04-10T09:56:47","modified_gmt":"2026-04-10T07:56:47","slug":"programacia%c2%b3n-didactica-de-lenguaje-musical-1a%c2%ba-profesional","status":"publish","type":"product","link":"https:\/\/www.dosacordes.es\/web\/producto\/programacia%c2%b3n-didactica-de-lenguaje-musical-1a%c2%ba-profesional\/","title":{"rendered":"Programaci\u00f3n Did\u00e1ctica de Lenguaje Musical"},"content":{"rendered":"","protected":false},"excerpt":{"rendered":"<h5>Renata Gago Romero<\/h5>\n<p><strong>1.\u00ba de Ense\u00f1anzas Profesionales<\/strong><\/p>\n<p>La presente PD se desarrolla a partir de la ORDEN de 4 de agosto de 2011 por la que se desarrolla el Decreto 223\/2010, de 30 de diciembre, por el que se establece el Reglamento org\u00e1nico de los conservatorios elementales y profesionales de m\u00fasica y de danza de la Comunidad Aut\u00f3noma de Galicia.<\/p>\n<p>En la presente programaci\u00f3n did\u00e1ctica dise\u00f1ada para primer curso de Ense\u00f1anzas Profesionales, se recogen los m\u00ednimos exigidos en la convocatoria: objetivos, competencias clave, contenidos, metodolog\u00eda did\u00e1ctica, criterios de evaluaci\u00f3n, atenci\u00f3n al alumnado con necesidades espec\u00edficas de apoyo educativo (ACNEAE), as\u00ed como 15 unidades did\u00e1cticas, todo ello secuenciado a partir del curr\u00edculo oficial vigente. Dichos m\u00ednimos se han completado con apartados como a qui\u00e9n va dirigida, perfil competencial docente, atenci\u00f3n a la diversidad, procedimientos e instrumentos de evaluaci\u00f3n o evaluaci\u00f3n de los aprendizajes, entre otros.<\/p>\n<p>La presente PD se ha dise\u00f1ado para un Conservatorio Profesional de M\u00fasica tipo, perteneciente a la Comunidad Aut\u00f3noma de Galicia y ubicado en un entorno urbano con parroquias adyacentes y municipios pr\u00f3ximos. Cuenta con una fuerte tradici\u00f3n de bandas de m\u00fasica y m\u00fasica tradicional, por lo que su alumnado es heterog\u00e9neo.<\/p>\n<p>En esta Programaci\u00f3n Did\u00e1ctica trataremos de dar respuesta a todos y cada uno de los aspectos esenciales del curr\u00edculo avanzando hacia una estructura abierta, integrada y flexible, adaptada a los intereses y necesidades del alumnado.<\/p>\n","protected":false},"featured_media":7455,"template":"","meta":{"om_disable_all_campaigns":false,"_monsterinsights_skip_tracking":false,"_monsterinsights_sitenote_active":false,"_monsterinsights_sitenote_note":"","_monsterinsights_sitenote_category":0},"product_cat":[641],"product_tag":[],"aioseo_notices":[],"lang":"es","translations":{"es":3674},"pll_sync_post":[],"_links":{"self":[{"href":"https:\/\/www.dosacordes.es\/web\/wp-json\/wp\/v2\/product\/3674"}],"collection":[{"href":"https:\/\/www.dosacordes.es\/web\/wp-json\/wp\/v2\/product"}],"about":[{"href":"https:\/\/www.dosacordes.es\/web\/wp-json\/wp\/v2\/types\/product"}],"wp:featuredmedia":[{"embeddable":true,"href":"https:\/\/www.dosacordes.es\/web\/wp-json\/wp\/v2\/media\/7455"}],"wp:attachment":[{"href":"https:\/\/www.dosacordes.es\/web\/wp-json\/wp\/v2\/media?parent=3674"}],"wp:term":[{"taxonomy":"product_cat","embeddable":true,"href":"https:\/\/www.dosacordes.es\/web\/wp-json\/wp\/v2\/product_cat?post=3674"},{"taxonomy":"product_tag","embeddable":true,"href":"https:\/\/www.dosacordes.es\/web\/wp-json\/wp\/v2\/product_tag?post=3674"}],"curies":[{"name":"wp","href":"https:\/\/api.w.org\/{rel}","templated":true}]}}