{"id":3666,"date":"2019-11-07T17:28:11","date_gmt":"2019-11-07T15:28:11","guid":{"rendered":"http:\/\/www.dosacordes.es\/web\/?product=violanviola-matodo-de-instrumentacia%c2%b3n"},"modified":"2026-01-30T12:36:20","modified_gmt":"2026-01-30T11:36:20","slug":"violanviola-matodo-de-instrumentacia%c2%b3n","status":"publish","type":"product","link":"https:\/\/www.dosacordes.es\/web\/producto\/violanviola-matodo-de-instrumentacia%c2%b3n\/","title":{"rendered":"M\u00e9todo de Instrumentaci\u00f3n: Viol\u00edn\/Viola"},"content":{"rendered":"","protected":false},"excerpt":{"rendered":"<h5 class=\"p1\">Hans Kunitz<\/h5>\n<p class=\"p1\">A los cuadernos sobre Instrumentaci\u00f3n se le a\u00f1ade aqu\u00ed un nuevo volumen sobre el viol\u00edn y la viola.\u00a0Se trata de un libro imprescindible para la comprensi\u00f3n del instrumento, su historia, caracter\u00edsticas t\u00e9cnicas y sonoras. De obligada lectura para instrumentistas.<\/p>\n","protected":false},"featured_media":7494,"template":"","meta":{"om_disable_all_campaigns":false,"_monsterinsights_skip_tracking":false,"_monsterinsights_sitenote_active":false,"_monsterinsights_sitenote_note":"","_monsterinsights_sitenote_category":0},"product_cat":[356,637],"product_tag":[],"aioseo_notices":[],"lang":"es","translations":{"es":3666},"pll_sync_post":[],"_links":{"self":[{"href":"https:\/\/www.dosacordes.es\/web\/wp-json\/wp\/v2\/product\/3666"}],"collection":[{"href":"https:\/\/www.dosacordes.es\/web\/wp-json\/wp\/v2\/product"}],"about":[{"href":"https:\/\/www.dosacordes.es\/web\/wp-json\/wp\/v2\/types\/product"}],"wp:featuredmedia":[{"embeddable":true,"href":"https:\/\/www.dosacordes.es\/web\/wp-json\/wp\/v2\/media\/7494"}],"wp:attachment":[{"href":"https:\/\/www.dosacordes.es\/web\/wp-json\/wp\/v2\/media?parent=3666"}],"wp:term":[{"taxonomy":"product_cat","embeddable":true,"href":"https:\/\/www.dosacordes.es\/web\/wp-json\/wp\/v2\/product_cat?post=3666"},{"taxonomy":"product_tag","embeddable":true,"href":"https:\/\/www.dosacordes.es\/web\/wp-json\/wp\/v2\/product_tag?post=3666"}],"curies":[{"name":"wp","href":"https:\/\/api.w.org\/{rel}","templated":true}]}}