{"id":3658,"date":"2019-10-03T10:58:40","date_gmt":"2019-10-03T08:58:40","guid":{"rendered":"http:\/\/www.dosacordes.es\/web\/?product=cd-soaos-da-floresta-sergio-franqueira-guitarra"},"modified":"2024-11-06T22:58:33","modified_gmt":"2024-11-06T21:58:33","slug":"cd-soaos-da-floresta-sergio-franqueira-guitarra","status":"publish","type":"product","link":"https:\/\/www.dosacordes.es\/web\/producto\/cd-soaos-da-floresta-sergio-franqueira-guitarra\/","title":{"rendered":"So\u00f1os da floresta"},"content":{"rendered":"","protected":false},"excerpt":{"rendered":"<h5>Sergio Franqueira, guitarra<\/h5>\n<p>M\u00fasicas orixinais e arranxos de Xos\u00e9 Chas Garc\u00eda (1902-1947)<\/p>\n<p>Xos\u00e9 Chas es una de las figuras m\u00e1s interesantes de la guitarra de principios del siglo XX que nos podemos encontrar en Galicia. Escribi\u00f3 una interesante cantidad de m\u00fasica, poniendo el foco en la guitarra cl\u00e1sica, cultivando un estilo que ahondaba en los g\u00e9neros en boga en la \u00e9poca, pertenecientes al estilo de las m\u00fasicas de sal\u00f3n, en la onda que tambi\u00e9n cultivaba, por ejemplo, Reveriano Soutullo, o Juan Montes, por nombrar alg\u00fan gran nombre de nuestra cultura musical.<\/p>\n<p>Grabado en los estudios de la RTVG, por el ingeniero de sonido Pablo Barreiro.<\/p>\n<ol>\n<li>Preludio N\u00ba 1 (1:26)<\/li>\n<li>Preludio N\u00ba 3 (1:52)<\/li>\n<li>Vals en Re (1:39)<\/li>\n<li>Terra a Nosa (1:26)<\/li>\n<li>Serenata N\u00ba 1 (2:20)<\/li>\n<li>Brisas del Danubio (3:33)<\/li>\n<li>Alborada Gallega (Pascual Veiga, Arr. Jos\u00e9 Chas) (5:00)<\/li>\n<li>Carreiros da Floresta, mui\u00f1eira (2:25)<\/li>\n<li>Barcarola N\u00ba 1 (2:34)<\/li>\n<li>Negra Sombra (Xo\u00e1n Montes, Arr. Jos\u00e9 Chas) (4:19)<\/li>\n<li>Nostalgia (5:45)<\/li>\n<li>En la floresta, jota (4:25)<\/li>\n<\/ol>\n<p>&nbsp;<\/p>\n","protected":false},"featured_media":7422,"template":"","meta":{"om_disable_all_campaigns":false,"_monsterinsights_skip_tracking":false,"_monsterinsights_sitenote_active":false,"_monsterinsights_sitenote_note":"","_monsterinsights_sitenote_category":0},"product_cat":[350,361],"product_tag":[],"aioseo_notices":[],"lang":"es","translations":{"es":3658,"en":14108},"pll_sync_post":[],"_links":{"self":[{"href":"https:\/\/www.dosacordes.es\/web\/wp-json\/wp\/v2\/product\/3658"}],"collection":[{"href":"https:\/\/www.dosacordes.es\/web\/wp-json\/wp\/v2\/product"}],"about":[{"href":"https:\/\/www.dosacordes.es\/web\/wp-json\/wp\/v2\/types\/product"}],"wp:featuredmedia":[{"embeddable":true,"href":"https:\/\/www.dosacordes.es\/web\/wp-json\/wp\/v2\/media\/7422"}],"wp:attachment":[{"href":"https:\/\/www.dosacordes.es\/web\/wp-json\/wp\/v2\/media?parent=3658"}],"wp:term":[{"taxonomy":"product_cat","embeddable":true,"href":"https:\/\/www.dosacordes.es\/web\/wp-json\/wp\/v2\/product_cat?post=3658"},{"taxonomy":"product_tag","embeddable":true,"href":"https:\/\/www.dosacordes.es\/web\/wp-json\/wp\/v2\/product_tag?post=3658"}],"curies":[{"name":"wp","href":"https:\/\/api.w.org\/{rel}","templated":true}]}}