{"id":3656,"date":"2019-09-20T10:54:51","date_gmt":"2019-09-20T10:54:51","guid":{"rendered":"http:\/\/www.dosacordes.es\/web\/?product=la-familia-ba%c2%baho-de-aponte-a-tono"},"modified":"2021-04-06T13:16:49","modified_gmt":"2021-04-06T11:16:49","slug":"la-familia-ba%c2%baho-de-aponte-a-tono","status":"publish","type":"product","link":"https:\/\/www.dosacordes.es\/web\/producto\/la-familia-ba%c2%baho-de-aponte-a-tono\/","title":{"rendered":"La Familia B\u00faho"},"content":{"rendered":"<p>La gamificaci\u00f3n es una t\u00e9cnica de aprendizaje que traslada la mec\u00e1nica de los juegos al \u00e1mbito educativo con el fin de conseguir mejores resultados, ya sea para absorber mejor algunos conocimientos, mejorar alguna habilidad, o bien recompensar acciones concretas, entre otros muchos objetivos. La Familia B\u00faho se presenta como una herramienta indispensable para esa t\u00e9cnica docente. Cada uno de los personajes responde a una acci\u00f3n concreta o a varias (Observa, Recuerda, Lee y Aprende, etc.) para estimular al alumno y conducir el juego-aprendizaje. Se presentan en una bolsa de tela y una caja de cart\u00f3n, con una peque\u00f1a descripci\u00f3n de sus roles, aunque cada docente puede adaptar sus personalidades a las necesidades concretas de su aula.<\/p>\n<p>Si adquieres 20 o m\u00e1s ejemplares de <em>\u00a1Ponte a tono!<\/em> I y II para tu aula, te regalamos a la Familia B\u00faho.<\/p>\n","protected":false},"excerpt":{"rendered":"<p>Te presentamos un complemento educativo muy interesante para el trabajo en el aula, vinculado a los personajes ya conocidos de los libros <em>\u00a1Ponte a tono!<\/em> Se trata de la Familia B\u00faho, cinco peque\u00f1os b\u00fahos realizados en textil en tres dimensiones, para vehicular y amenizar los contenidos ense\u00f1ados en los libros.<\/p>\n<div><\/div>\n","protected":false},"featured_media":3657,"template":"","meta":{"om_disable_all_campaigns":false,"_monsterinsights_skip_tracking":false,"_monsterinsights_sitenote_active":false,"_monsterinsights_sitenote_note":"","_monsterinsights_sitenote_category":0},"product_cat":[383],"product_tag":[],"aioseo_notices":[],"lang":"es","translations":{"es":3656},"pll_sync_post":[],"_links":{"self":[{"href":"https:\/\/www.dosacordes.es\/web\/wp-json\/wp\/v2\/product\/3656"}],"collection":[{"href":"https:\/\/www.dosacordes.es\/web\/wp-json\/wp\/v2\/product"}],"about":[{"href":"https:\/\/www.dosacordes.es\/web\/wp-json\/wp\/v2\/types\/product"}],"wp:featuredmedia":[{"embeddable":true,"href":"https:\/\/www.dosacordes.es\/web\/wp-json\/wp\/v2\/media\/3657"}],"wp:attachment":[{"href":"https:\/\/www.dosacordes.es\/web\/wp-json\/wp\/v2\/media?parent=3656"}],"wp:term":[{"taxonomy":"product_cat","embeddable":true,"href":"https:\/\/www.dosacordes.es\/web\/wp-json\/wp\/v2\/product_cat?post=3656"},{"taxonomy":"product_tag","embeddable":true,"href":"https:\/\/www.dosacordes.es\/web\/wp-json\/wp\/v2\/product_tag?post=3656"}],"curies":[{"name":"wp","href":"https:\/\/api.w.org\/{rel}","templated":true}]}}