{"id":3652,"date":"2019-11-07T17:12:42","date_gmt":"2019-11-07T15:12:42","guid":{"rendered":"http:\/\/www.dosacordes.es\/web\/?product=aca%c2%bastica-matodo-de-instrumentacia%c2%b3n"},"modified":"2026-01-30T12:36:20","modified_gmt":"2026-01-30T11:36:20","slug":"aca%c2%bastica-matodo-de-instrumentacia%c2%b3n","status":"publish","type":"product","link":"https:\/\/www.dosacordes.es\/web\/producto\/aca%c2%bastica-matodo-de-instrumentacia%c2%b3n\/","title":{"rendered":"M\u00e9todo de Instrumentaci\u00f3n: Ac\u00fastica"},"content":{"rendered":"","protected":false},"excerpt":{"rendered":"<h5 class=\"p4\">Hans Kunitz<\/h5>\n<p class=\"p1\">A los cuadernos sobre Instrumentaci\u00f3n se le a\u00f1ade aqu\u00ed un nuevo volumen sobre la ac\u00fastica de los instrumentos. Es imposible ser exhaustivo en este terreno, aunque s\u00f3lo sea aproximadamente, sin entrar m\u00e1s profundamente en los fundamentos f\u00edsicos de esta materia.De ah\u00ed surge la dificultad de ser exactos sin dejar de ser, sin embargo, f\u00e1cilmente legibles y tan breves y concentrados como sea posible. De este modo este libro no resulta ser tanto un tratado sino m\u00e1s bien un est\u00edmulo para poder entend\u00e9rselas con la materia con la ayuda de literatura especializada.<\/p>\n<p class=\"p1\">\n","protected":false},"featured_media":7526,"template":"","meta":{"om_disable_all_campaigns":false,"_monsterinsights_skip_tracking":false,"_monsterinsights_sitenote_active":false,"_monsterinsights_sitenote_note":"","_monsterinsights_sitenote_category":0},"product_cat":[637],"product_tag":[],"aioseo_notices":[],"lang":"es","translations":{"es":3652},"pll_sync_post":[],"_links":{"self":[{"href":"https:\/\/www.dosacordes.es\/web\/wp-json\/wp\/v2\/product\/3652"}],"collection":[{"href":"https:\/\/www.dosacordes.es\/web\/wp-json\/wp\/v2\/product"}],"about":[{"href":"https:\/\/www.dosacordes.es\/web\/wp-json\/wp\/v2\/types\/product"}],"wp:featuredmedia":[{"embeddable":true,"href":"https:\/\/www.dosacordes.es\/web\/wp-json\/wp\/v2\/media\/7526"}],"wp:attachment":[{"href":"https:\/\/www.dosacordes.es\/web\/wp-json\/wp\/v2\/media?parent=3652"}],"wp:term":[{"taxonomy":"product_cat","embeddable":true,"href":"https:\/\/www.dosacordes.es\/web\/wp-json\/wp\/v2\/product_cat?post=3652"},{"taxonomy":"product_tag","embeddable":true,"href":"https:\/\/www.dosacordes.es\/web\/wp-json\/wp\/v2\/product_tag?post=3652"}],"curies":[{"name":"wp","href":"https:\/\/api.w.org\/{rel}","templated":true}]}}