{"id":3651,"date":"2019-09-07T13:11:20","date_gmt":"2019-09-07T11:11:20","guid":{"rendered":"http:\/\/www.dosacordes.es\/web\/?product=novidade-o-son-do-pitiao"},"modified":"2024-10-05T13:44:53","modified_gmt":"2024-10-05T11:44:53","slug":"novidade-o-son-do-pitiao","status":"publish","type":"product","link":"https:\/\/www.dosacordes.es\/web\/producto\/novidade-o-son-do-pitiao\/","title":{"rendered":"O son do piti\u00f1o: Un conto para aprender a tocar o pito pastoril galego"},"content":{"rendered":"<div>\n<p class=\"p1\">\n<\/div>\n","protected":false},"excerpt":{"rendered":"<h5><b>Efra\u00edm D\u00edaz<\/b><\/h5>\n<div>\n<p class=\"p1\">Co presente conto did\u00e1ctico-musical, pretendemos ofrecer unha ferramenta l\u00fadica e tam\u00e9n educativa. De xeito progresivo, nenas e nenos poden achegarse ao pito pastoril galego, un tipo de frauta ideal para aprender as primeiras canci\u00f3ns. Un instrumento de vento que se atopa preto da gaita galega e da frauta doce.<\/p>\n<\/div>\n","protected":false},"featured_media":7447,"template":"","meta":{"om_disable_all_campaigns":false,"_monsterinsights_skip_tracking":false,"_monsterinsights_sitenote_active":false,"_monsterinsights_sitenote_note":"","_monsterinsights_sitenote_category":0},"product_cat":[347],"product_tag":[],"aioseo_notices":[],"lang":"es","translations":{"es":3651},"pll_sync_post":[],"_links":{"self":[{"href":"https:\/\/www.dosacordes.es\/web\/wp-json\/wp\/v2\/product\/3651"}],"collection":[{"href":"https:\/\/www.dosacordes.es\/web\/wp-json\/wp\/v2\/product"}],"about":[{"href":"https:\/\/www.dosacordes.es\/web\/wp-json\/wp\/v2\/types\/product"}],"wp:featuredmedia":[{"embeddable":true,"href":"https:\/\/www.dosacordes.es\/web\/wp-json\/wp\/v2\/media\/7447"}],"wp:attachment":[{"href":"https:\/\/www.dosacordes.es\/web\/wp-json\/wp\/v2\/media?parent=3651"}],"wp:term":[{"taxonomy":"product_cat","embeddable":true,"href":"https:\/\/www.dosacordes.es\/web\/wp-json\/wp\/v2\/product_cat?post=3651"},{"taxonomy":"product_tag","embeddable":true,"href":"https:\/\/www.dosacordes.es\/web\/wp-json\/wp\/v2\/product_tag?post=3651"}],"curies":[{"name":"wp","href":"https:\/\/api.w.org\/{rel}","templated":true}]}}