{"id":3629,"date":"2018-11-23T17:28:51","date_gmt":"2018-11-23T15:28:51","guid":{"rendered":"http:\/\/www.dosacordes.es\/web\/?product=clarinete-matodo-de-instrumentacia%c2%b3n"},"modified":"2026-02-01T21:50:50","modified_gmt":"2026-02-01T20:50:50","slug":"clarinete-matodo-de-instrumentacia%c2%b3n","status":"publish","type":"product","link":"https:\/\/www.dosacordes.es\/web\/producto\/clarinete-matodo-de-instrumentacia%c2%b3n\/","title":{"rendered":"M\u00e9todo de Instrumentaci\u00f3n: Clarinete"},"content":{"rendered":"","protected":false},"excerpt":{"rendered":"<h5>Hans Kunitz<i><\/i><\/h5>\n<p>Traducci\u00f3n del imprescindible <i>M\u00e9todo de Instrumentaci\u00f3n<\/i>, dividido en tomos para cada instrumentista.<\/p>\n<p>&nbsp;<\/p>\n","protected":false},"featured_media":7528,"template":"","meta":{"om_disable_all_campaigns":false,"_monsterinsights_skip_tracking":false,"_monsterinsights_sitenote_active":false,"_monsterinsights_sitenote_note":"","_monsterinsights_sitenote_category":0},"product_cat":[362,637],"product_tag":[],"aioseo_notices":[],"lang":"es","translations":{"es":3629},"pll_sync_post":[],"_links":{"self":[{"href":"https:\/\/www.dosacordes.es\/web\/wp-json\/wp\/v2\/product\/3629"}],"collection":[{"href":"https:\/\/www.dosacordes.es\/web\/wp-json\/wp\/v2\/product"}],"about":[{"href":"https:\/\/www.dosacordes.es\/web\/wp-json\/wp\/v2\/types\/product"}],"wp:featuredmedia":[{"embeddable":true,"href":"https:\/\/www.dosacordes.es\/web\/wp-json\/wp\/v2\/media\/7528"}],"wp:attachment":[{"href":"https:\/\/www.dosacordes.es\/web\/wp-json\/wp\/v2\/media?parent=3629"}],"wp:term":[{"taxonomy":"product_cat","embeddable":true,"href":"https:\/\/www.dosacordes.es\/web\/wp-json\/wp\/v2\/product_cat?post=3629"},{"taxonomy":"product_tag","embeddable":true,"href":"https:\/\/www.dosacordes.es\/web\/wp-json\/wp\/v2\/product_tag?post=3629"}],"curies":[{"name":"wp","href":"https:\/\/api.w.org\/{rel}","templated":true}]}}