{"id":3603,"date":"2020-05-30T03:21:13","date_gmt":"2020-05-30T01:21:13","guid":{"rendered":"http:\/\/www.dosacordes.es\/web\/?product=el-sonido-de-las-emociones-mateo-arnaiz-cd-dvd"},"modified":"2024-01-08T14:34:52","modified_gmt":"2024-01-08T12:34:52","slug":"el-sonido-de-las-emociones-mateo-arnaiz-cd-dvd","status":"publish","type":"product","link":"https:\/\/www.dosacordes.es\/web\/producto\/el-sonido-de-las-emociones-mateo-arnaiz-cd-dvd\/","title":{"rendered":"El sonido de las emociones"},"content":{"rendered":"","protected":false},"excerpt":{"rendered":"<h5>Mateo Arn\u00e1iz<\/h5>\n<p><em>El sonido de las emociones<\/em> es un disco que ofrece un sonido distinto, realizado en un entorno cargado de sugerencias. El guitarrista Mateo Arn\u00e1iz grab\u00f3 en el Monasterio de Santa M\u00aa de Monfero (A Coru\u00f1a), diez obras que versan sobre las emociones humanas, desde el amor hasta el mar, pasando por el miedo o el nacimiento de un nuevo ser. Por su parte, el realizador Dani L\u00f3pez presenta en el DVD <i>The stone&#8217;s secrets <\/i>el proceso de concepci\u00f3n y grabaci\u00f3n del disco, as\u00ed como una visi\u00f3n de la naturaleza desde el respeto y la reflexi\u00f3n.<\/p>\n","protected":false},"featured_media":3604,"template":"","meta":{"om_disable_all_campaigns":false,"_monsterinsights_skip_tracking":false,"_monsterinsights_sitenote_active":false,"_monsterinsights_sitenote_note":"","_monsterinsights_sitenote_category":0},"product_cat":[350],"product_tag":[],"aioseo_notices":[],"lang":"es","translations":{"es":3603},"pll_sync_post":[],"_links":{"self":[{"href":"https:\/\/www.dosacordes.es\/web\/wp-json\/wp\/v2\/product\/3603"}],"collection":[{"href":"https:\/\/www.dosacordes.es\/web\/wp-json\/wp\/v2\/product"}],"about":[{"href":"https:\/\/www.dosacordes.es\/web\/wp-json\/wp\/v2\/types\/product"}],"wp:featuredmedia":[{"embeddable":true,"href":"https:\/\/www.dosacordes.es\/web\/wp-json\/wp\/v2\/media\/3604"}],"wp:attachment":[{"href":"https:\/\/www.dosacordes.es\/web\/wp-json\/wp\/v2\/media?parent=3603"}],"wp:term":[{"taxonomy":"product_cat","embeddable":true,"href":"https:\/\/www.dosacordes.es\/web\/wp-json\/wp\/v2\/product_cat?post=3603"},{"taxonomy":"product_tag","embeddable":true,"href":"https:\/\/www.dosacordes.es\/web\/wp-json\/wp\/v2\/product_tag?post=3603"}],"curies":[{"name":"wp","href":"https:\/\/api.w.org\/{rel}","templated":true}]}}