{"id":3592,"date":"2020-05-30T03:20:57","date_gmt":"2020-05-30T03:20:57","guid":{"rendered":"http:\/\/www.dosacordes.es\/web\/?product=a-miaa-burriaa-para-vibrafono"},"modified":"2020-08-11T11:00:06","modified_gmt":"2020-08-11T09:00:06","slug":"a-miaa-burriaa-para-vibrafono","status":"publish","type":"product","link":"https:\/\/www.dosacordes.es\/web\/producto\/a-miaa-burriaa-para-vibrafono\/","title":{"rendered":"A mi\u00f1a burri\u00f1a: Para vibr\u00e1fono"},"content":{"rendered":"","protected":false},"excerpt":{"rendered":"<h5>Carlos Castro Roig<\/h5>\n<p>Presenta esta deliciosa obra popular gallega para vibr\u00e1fono , indicada para los cursos finales de Ense\u00f1anzas Profesionales y Superiores de percusi\u00f3n.<\/p>\n","protected":false},"featured_media":7522,"template":"","meta":{"om_disable_all_campaigns":false,"_monsterinsights_skip_tracking":false,"_monsterinsights_sitenote_active":false,"_monsterinsights_sitenote_note":"","_monsterinsights_sitenote_category":0},"product_cat":[354],"product_tag":[],"aioseo_notices":[],"lang":"es","translations":{"es":3592},"pll_sync_post":[],"_links":{"self":[{"href":"https:\/\/www.dosacordes.es\/web\/wp-json\/wp\/v2\/product\/3592"}],"collection":[{"href":"https:\/\/www.dosacordes.es\/web\/wp-json\/wp\/v2\/product"}],"about":[{"href":"https:\/\/www.dosacordes.es\/web\/wp-json\/wp\/v2\/types\/product"}],"wp:featuredmedia":[{"embeddable":true,"href":"https:\/\/www.dosacordes.es\/web\/wp-json\/wp\/v2\/media\/7522"}],"wp:attachment":[{"href":"https:\/\/www.dosacordes.es\/web\/wp-json\/wp\/v2\/media?parent=3592"}],"wp:term":[{"taxonomy":"product_cat","embeddable":true,"href":"https:\/\/www.dosacordes.es\/web\/wp-json\/wp\/v2\/product_cat?post=3592"},{"taxonomy":"product_tag","embeddable":true,"href":"https:\/\/www.dosacordes.es\/web\/wp-json\/wp\/v2\/product_tag?post=3592"}],"curies":[{"name":"wp","href":"https:\/\/api.w.org\/{rel}","templated":true}]}}