{"id":3590,"date":"2018-03-15T21:02:11","date_gmt":"2018-03-15T21:02:11","guid":{"rendered":"http:\/\/www.dosacordes.es\/web\/?product=el-sonido-de-las-emociones-obras-para-guitarra"},"modified":"2024-01-11T19:16:13","modified_gmt":"2024-01-11T17:16:13","slug":"el-sonido-de-las-emociones-obras-para-guitarra","status":"publish","type":"product","link":"https:\/\/www.dosacordes.es\/web\/producto\/el-sonido-de-las-emociones-obras-para-guitarra\/","title":{"rendered":"El sonido de las emociones: Obras para guitarra"},"content":{"rendered":"","protected":false},"excerpt":{"rendered":"<h5>Mateo Arn\u00e1iz<\/h5>\n<p>El libro contiene las partituras del disco, editado por Dos Acordes: nueve composiciones propias sobre las emociones humanas y su expresi\u00f3n a trav\u00e9s de la guitarra. En primer lugar, tres obras sobre estados afectivos y con dedicatoria:<br \/>\n\u00abNamorados\u00bb es un capricho compuesto en 2013 y dedicado a Silvia Gunt\u00edn. \u00abVals nost\u00e1gico\u00bb es un homenaje al guitarrista Roland Dyens, inspirador de este proyecto. \u00abNova\u00bb dedicada a Ana\u00eds, est\u00e1 inspirada por esa explosi\u00f3n de dudas y esperanzas que implica el nacimiento de un nuevo ser.<br \/>\nEn segundo lugar, dos obras que se agrupan dentro de las denominadas \u00abEstampas marinas\u00bb y que representan estados emocionales de aquellos que viven en contacto con el mar. \u00abTiempo de tormenta\u00bb con una forma r\u00edtmica que recuerda a la \u00abmui\u00f1eira\u00bb (danza t\u00edpica de Galicia) indaga en la agitaci\u00f3n y temor ante la borrasca, mientras que en \u00abCalma chicha\u00bb se recrea un paseo reflexivo por la playa.<br \/>\n\u00abSuite emocional\u00bb trata de plasmar las cuatro emociones b\u00e1sicas del ser humano y sus contradicciones. \u00abAlegr\u00edas\u00bb y \u00abAires de Tango Triste\u00bb, inspiradas en ritmos tradicionales, mientras que \u00abLa Rabbia\u00bb y \u00abOstinato\u00bb del miedo desarrollan patrones repetitivos.<\/p>\n","protected":false},"featured_media":7452,"template":"","meta":{"om_disable_all_campaigns":false,"_monsterinsights_skip_tracking":false,"_monsterinsights_sitenote_active":false,"_monsterinsights_sitenote_note":"","_monsterinsights_sitenote_category":0},"product_cat":[361],"product_tag":[],"aioseo_notices":[],"lang":"es","translations":{"es":3590},"pll_sync_post":[],"_links":{"self":[{"href":"https:\/\/www.dosacordes.es\/web\/wp-json\/wp\/v2\/product\/3590"}],"collection":[{"href":"https:\/\/www.dosacordes.es\/web\/wp-json\/wp\/v2\/product"}],"about":[{"href":"https:\/\/www.dosacordes.es\/web\/wp-json\/wp\/v2\/types\/product"}],"wp:featuredmedia":[{"embeddable":true,"href":"https:\/\/www.dosacordes.es\/web\/wp-json\/wp\/v2\/media\/7452"}],"wp:attachment":[{"href":"https:\/\/www.dosacordes.es\/web\/wp-json\/wp\/v2\/media?parent=3590"}],"wp:term":[{"taxonomy":"product_cat","embeddable":true,"href":"https:\/\/www.dosacordes.es\/web\/wp-json\/wp\/v2\/product_cat?post=3590"},{"taxonomy":"product_tag","embeddable":true,"href":"https:\/\/www.dosacordes.es\/web\/wp-json\/wp\/v2\/product_tag?post=3590"}],"curies":[{"name":"wp","href":"https:\/\/api.w.org\/{rel}","templated":true}]}}