{"id":3588,"date":"2018-03-15T20:59:14","date_gmt":"2018-03-15T20:59:14","guid":{"rendered":"http:\/\/www.dosacordes.es\/web\/?product=michael-hedges"},"modified":"2024-11-06T22:59:56","modified_gmt":"2024-11-06T21:59:56","slug":"michael-hedges","status":"publish","type":"product","link":"https:\/\/www.dosacordes.es\/web\/producto\/michael-hedges\/","title":{"rendered":"Michael Hedges: Cuatro piezas para guitarra"},"content":{"rendered":"","protected":false},"excerpt":{"rendered":"<h5>Michael Hedges<\/h5>\n<p>Layover<br \/>\nThe magic farmer<br \/>\nThe rootwitch<br \/>\nBaal t\u00b4shuvah<\/p>\n<p>Hoy en d\u00eda, la guitarra \u00abfingerstyle\u00bb es un g\u00e9nero consolidado mundialmente gracias al alcance obtenido en internet por artistas como Andy McKee o John Gomm, pero cualquiera de ellos citar\u00e1 a Hedges como su principal fuente de inspiraci\u00f3n, pese a ser menos conocido en t\u00e9rminos generales que cualquiera de ellos. Esta selecci\u00f3n nace de la relaci\u00f3n del autor con la discograf\u00eda, tratando de ejemplificar diferentes t\u00e9cnicas guitarr\u00edsticas y compositivas, pese a quedar algunas en el tintero, como el empleo de la p\u00faa. Esperemos que estas ausencias hagan que pronto pueda empezar con otro grupo de transcripciones en las que tengan cabida otras t\u00e9cnicas.<\/p>\n","protected":false},"featured_media":7503,"template":"","meta":{"om_disable_all_campaigns":false,"_monsterinsights_skip_tracking":false,"_monsterinsights_sitenote_active":false,"_monsterinsights_sitenote_note":"","_monsterinsights_sitenote_category":0},"product_cat":[361],"product_tag":[],"aioseo_notices":[],"lang":"es","translations":{"es":3588,"en":14109},"pll_sync_post":[],"_links":{"self":[{"href":"https:\/\/www.dosacordes.es\/web\/wp-json\/wp\/v2\/product\/3588"}],"collection":[{"href":"https:\/\/www.dosacordes.es\/web\/wp-json\/wp\/v2\/product"}],"about":[{"href":"https:\/\/www.dosacordes.es\/web\/wp-json\/wp\/v2\/types\/product"}],"wp:featuredmedia":[{"embeddable":true,"href":"https:\/\/www.dosacordes.es\/web\/wp-json\/wp\/v2\/media\/7503"}],"wp:attachment":[{"href":"https:\/\/www.dosacordes.es\/web\/wp-json\/wp\/v2\/media?parent=3588"}],"wp:term":[{"taxonomy":"product_cat","embeddable":true,"href":"https:\/\/www.dosacordes.es\/web\/wp-json\/wp\/v2\/product_cat?post=3588"},{"taxonomy":"product_tag","embeddable":true,"href":"https:\/\/www.dosacordes.es\/web\/wp-json\/wp\/v2\/product_tag?post=3588"}],"curies":[{"name":"wp","href":"https:\/\/api.w.org\/{rel}","templated":true}]}}