{"id":3576,"date":"2020-05-30T03:20:34","date_gmt":"2020-05-30T03:20:34","guid":{"rendered":"http:\/\/www.dosacordes.es\/web\/?product=asturias-isaac-albaniz"},"modified":"2024-11-06T22:52:12","modified_gmt":"2024-11-06T21:52:12","slug":"asturias-isaac-albaniz","status":"publish","type":"product","link":"https:\/\/www.dosacordes.es\/web\/producto\/asturias-isaac-albaniz\/","title":{"rendered":"Asturias"},"content":{"rendered":"","protected":false},"excerpt":{"rendered":"<h5>Isaac Alb\u00e9niz<\/h5>\n<p>La guitarra, heredera sentimental de instrumentos como el la\u00fad barroco o la tiorba, ha sabido mantener su talante investigador en todo lo referente a aquellos aspectos interpretativos que nos transportan ineludiblemente al mundo del barroco y renacimiento, en el que estamos plenamente inmersos y del que hemos aprendido a ubicarnos en el contexto musical que nos es propio por derecho. Si bien esto ha sido as\u00ed en el per\u00edodo que abarca desde la mitad del siglo XVI hasta mediados del siglo XIX, pasando por una extraordinaria etapa de bonanza y fuerte arraigo en el per\u00edodo cl\u00e1sico y pre-rom\u00e1ntico, no ha mantenido el mismo nivel de producci\u00f3n de obras en los per\u00edodos rom\u00e1ntico y nacionalista, a pesar de que el car\u00e1cter abierto y dulce del instrumento favorece este tipo de composiciones, tanto en lo tocante al mundo de los colores y la t\u00edmbrica como a su visceralidad esc\u00e9nica. Compositores como Alb\u00e9niz o Granados se ven especialmente bien reflejados en el sonido de la guitarra, por la conjunci\u00f3n perfecta entre su idiosincrasia sonora y la influencia de la m\u00fasica popular en estos compositores. Investigando someramente sobre Sevilla \u00f3 Asturias, de Isaac Alb\u00e9niz o la Danza andaluza n\u00ba 5, de Enrique Granados, cuyos originales est\u00e1n escritos para piano, observamos que son mucho m\u00e1s conocidas por el p\u00fablico en sus versiones para guitarra. Es suficiente con un sencillo contraste en los medios sociales para corroborar estas afirmaciones. As\u00ed, estos arreglos y transcripciones no surgen de la necesidad de tener m\u00e1s ediciones sobre las obras de los grandes maestros y s\u00ed de un esp\u00edritu constructivo y generador de ideas musicales, adem\u00e1s de plasmar el fruto de a\u00f1os de investigaci\u00f3n y experiencia profesional.<\/p>\n","protected":false},"featured_media":7519,"template":"","meta":{"om_disable_all_campaigns":false,"_monsterinsights_skip_tracking":false,"_monsterinsights_sitenote_active":false,"_monsterinsights_sitenote_note":"","_monsterinsights_sitenote_category":0},"product_cat":[361],"product_tag":[],"aioseo_notices":[],"lang":"es","translations":{"es":3576,"en":14104},"pll_sync_post":[],"_links":{"self":[{"href":"https:\/\/www.dosacordes.es\/web\/wp-json\/wp\/v2\/product\/3576"}],"collection":[{"href":"https:\/\/www.dosacordes.es\/web\/wp-json\/wp\/v2\/product"}],"about":[{"href":"https:\/\/www.dosacordes.es\/web\/wp-json\/wp\/v2\/types\/product"}],"wp:featuredmedia":[{"embeddable":true,"href":"https:\/\/www.dosacordes.es\/web\/wp-json\/wp\/v2\/media\/7519"}],"wp:attachment":[{"href":"https:\/\/www.dosacordes.es\/web\/wp-json\/wp\/v2\/media?parent=3576"}],"wp:term":[{"taxonomy":"product_cat","embeddable":true,"href":"https:\/\/www.dosacordes.es\/web\/wp-json\/wp\/v2\/product_cat?post=3576"},{"taxonomy":"product_tag","embeddable":true,"href":"https:\/\/www.dosacordes.es\/web\/wp-json\/wp\/v2\/product_tag?post=3576"}],"curies":[{"name":"wp","href":"https:\/\/api.w.org\/{rel}","templated":true}]}}