{"id":3567,"date":"2023-04-12T03:20:21","date_gmt":"2023-04-12T01:20:21","guid":{"rendered":"http:\/\/www.dosacordes.es\/web\/?product=programacia%c2%b3n-didactica-de-percusia%c2%b3n"},"modified":"2026-02-27T19:05:36","modified_gmt":"2026-02-27T18:05:36","slug":"programacia%c2%b3n-didactica-de-percusia%c2%b3n","status":"publish","type":"product","link":"https:\/\/www.dosacordes.es\/web\/producto\/programacia%c2%b3n-didactica-de-percusia%c2%b3n\/","title":{"rendered":"Programaci\u00f3n Did\u00e1ctica de Percusi\u00f3n"},"content":{"rendered":"","protected":false},"excerpt":{"rendered":"<h5>\u00c1lvaro Jurado Garc\u00eda<\/h5>\n<h6>Segunda edici\u00f3n (2023), adaptada a la Normativa vigente<\/h6>\n<p>Esta Programaci\u00f3n Did\u00e1ctica, dise\u00f1ada para el 3er curso de Ense\u00f1anzas Profesionales de M\u00fasica, especialidad de Percusi\u00f3n, ha sido elaborada para cubrir la primera parte de la segunda prueba perteneciente a los procesos selectivos convocados en Andaluc\u00eda en 2017. A pesar de su concreci\u00f3n, proporciona un modelo que ayude a las personas aspirantes al Cuerpo de Profesores de M\u00fasica y Artes Esc\u00e9nicas a elaborar la propia, sea para otro curso, comunidad aut\u00f3noma o, incluso, otras especialidades.<\/p>\n","protected":false},"featured_media":11910,"template":"","meta":{"om_disable_all_campaigns":false,"_monsterinsights_skip_tracking":false,"_monsterinsights_sitenote_active":false,"_monsterinsights_sitenote_note":"","_monsterinsights_sitenote_category":0},"product_cat":[387],"product_tag":[],"aioseo_notices":[],"lang":"es","translations":{"es":3567},"pll_sync_post":[],"_links":{"self":[{"href":"https:\/\/www.dosacordes.es\/web\/wp-json\/wp\/v2\/product\/3567"}],"collection":[{"href":"https:\/\/www.dosacordes.es\/web\/wp-json\/wp\/v2\/product"}],"about":[{"href":"https:\/\/www.dosacordes.es\/web\/wp-json\/wp\/v2\/types\/product"}],"wp:featuredmedia":[{"embeddable":true,"href":"https:\/\/www.dosacordes.es\/web\/wp-json\/wp\/v2\/media\/11910"}],"wp:attachment":[{"href":"https:\/\/www.dosacordes.es\/web\/wp-json\/wp\/v2\/media?parent=3567"}],"wp:term":[{"taxonomy":"product_cat","embeddable":true,"href":"https:\/\/www.dosacordes.es\/web\/wp-json\/wp\/v2\/product_cat?post=3567"},{"taxonomy":"product_tag","embeddable":true,"href":"https:\/\/www.dosacordes.es\/web\/wp-json\/wp\/v2\/product_tag?post=3567"}],"curies":[{"name":"wp","href":"https:\/\/api.w.org\/{rel}","templated":true}]}}