{"id":3565,"date":"2018-08-31T13:07:25","date_gmt":"2018-08-31T11:07:25","guid":{"rendered":"http:\/\/www.dosacordes.es\/web\/?product=solfeando"},"modified":"2021-09-02T10:34:12","modified_gmt":"2021-09-02T08:34:12","slug":"solfeando","status":"publish","type":"product","link":"https:\/\/www.dosacordes.es\/web\/producto\/solfeando\/","title":{"rendered":"Solfeando"},"content":{"rendered":"","protected":false},"excerpt":{"rendered":"<h5>Carlos Di\u00e9guez Beltr\u00e1n<\/h5>\n<p>Solfeando nace de las inquietudes docentes de su autor al impartir la asignatura de lenguaje musical durante m\u00e1s de una d\u00e9cada en diferentes escuelas de m\u00fasica. Estas inquietudes se hicieron m\u00e1s palpables despu\u00e9s de visitar en diversos pa\u00edses europeos e hispanoamericanos sus escuelas de m\u00fasica, conservatorios y universidades. Gracias a ello naci\u00f3 el proyecto Bandeando (primer m\u00e9todo iberoamericano para orquestas de viento), y ahora lo hace Solfeando. La filosof\u00eda del m\u00e9todo Solfeando se inspira en las principales ideas de Zoltan Kod\u00e1ly (conocido por su \u00abm\u00e9todo Kod\u00e1ly\u00bb) y en el m\u00e9todo Bandeando (editado por la Asociaci\u00f3n Nacional de Directores de Banda). Solfeando no est\u00e1 concebido para ser un simple libro de lenguaje musical sino una herramienta formativa de mayor calado, una filosof\u00eda de ense\u00f1anza educativa e integral acorde a nuestro tiempo. Con cada libro se proporciona un c\u00f3digo de descarga gratuito que contiene una serie de recursos en la formaci\u00f3n integral del alumnado tales como dictados, ejercicios auditivos, de memoria o canciones para tocar\/cantar en grupo (coro, conjunto instrumental, orquesta o banda). La mayor\u00eda de los ejercicios de Solfeando pueden ser entonados, preferiblemente con acompa\u00f1amiento al piano. El m\u00e9todo consta de 26 bloques, con 10 ejercicios cada uno de ellos. Estos bloques (unidades did\u00e1cticas) est\u00e1n dirigidos a alumn@s de lenguaje musical en sus dos primeros cursos. El uso de Solfeando, m\u00e1s su contenido gratuito de descarga, no es excluyente del uso de otros libros o materiales. El fin de Solfeando es el hacer del lenguaje musical una materia motivadora, enriquecedora y atrayente al alumnado en su primer contacto con la m\u00fasica escrita.<\/p>\n","protected":false},"featured_media":9736,"template":"","meta":{"om_disable_all_campaigns":false,"_monsterinsights_skip_tracking":false,"_monsterinsights_sitenote_active":false,"_monsterinsights_sitenote_note":"","_monsterinsights_sitenote_category":0},"product_cat":[383],"product_tag":[],"aioseo_notices":[],"lang":"es","translations":{"es":3565},"pll_sync_post":[],"_links":{"self":[{"href":"https:\/\/www.dosacordes.es\/web\/wp-json\/wp\/v2\/product\/3565"}],"collection":[{"href":"https:\/\/www.dosacordes.es\/web\/wp-json\/wp\/v2\/product"}],"about":[{"href":"https:\/\/www.dosacordes.es\/web\/wp-json\/wp\/v2\/types\/product"}],"wp:featuredmedia":[{"embeddable":true,"href":"https:\/\/www.dosacordes.es\/web\/wp-json\/wp\/v2\/media\/9736"}],"wp:attachment":[{"href":"https:\/\/www.dosacordes.es\/web\/wp-json\/wp\/v2\/media?parent=3565"}],"wp:term":[{"taxonomy":"product_cat","embeddable":true,"href":"https:\/\/www.dosacordes.es\/web\/wp-json\/wp\/v2\/product_cat?post=3565"},{"taxonomy":"product_tag","embeddable":true,"href":"https:\/\/www.dosacordes.es\/web\/wp-json\/wp\/v2\/product_tag?post=3565"}],"curies":[{"name":"wp","href":"https:\/\/api.w.org\/{rel}","templated":true}]}}