{"id":3552,"date":"2017-07-12T17:41:49","date_gmt":"2017-07-12T15:41:49","guid":{"rendered":"http:\/\/www.dosacordes.es\/web\/?product=flauta-matodo-de-instrumentacia%c2%b3n"},"modified":"2026-01-30T12:36:20","modified_gmt":"2026-01-30T11:36:20","slug":"flauta-matodo-de-instrumentacia%c2%b3n","status":"publish","type":"product","link":"https:\/\/www.dosacordes.es\/web\/producto\/flauta-matodo-de-instrumentacia%c2%b3n\/","title":{"rendered":"M\u00e9todo de Instrumentaci\u00f3n: Flauta"},"content":{"rendered":"","protected":false},"excerpt":{"rendered":"<h5>Hans Kunitz<\/h5>\n<p>Dos Acordes presenta el segundo volumen, dedicado a la flauta, del c\u00e9lebre <i>M\u00e9todo de Instrumentaci\u00f3n <\/i>escrito por Hans Kunitz y publicado en alem\u00e1n por la Breitkopf &amp; H\u00c3\u00a4rtel en 1950. En traducci\u00f3n al espa\u00f1ol del compositor Jo\u00e1m Trillo, el indispensable <i>Die Instrumentation Vol. 2 &#8211; Flute (BV 1013) <\/i>llega en un formato de libro de bolsillo, de f\u00e1cil manejo, en todo id\u00e9ntico al del original alem\u00e1n, a excepci\u00f3n de la portada, basada en la misma idea pero en un dise\u00f1o m\u00e1s actual.<\/p>\n<p>Progresivamente ir\u00e1n apareciendo los restantes vol\u00famenes de la serie, hasta completar los 13 vol\u00famenes que la integran, dedicado cada uno a un instrumento m\u00e1s el primer volumen de Ac\u00fastica.<\/p>\n<p>Los cap\u00edtulos del libro son los siguientes:<\/p>\n<ol>\n<li>La flauta. Desarrollo hist\u00f3rico. Estructura t\u00e9cnica: la cabeza, el cuerpo, el pie. Producci\u00f3n del sonido y notaci\u00f3n. Car\u00e1cter del sonido. Combinaciones sonoras: combinaci\u00f3n al un\u00edsono, combinaciones en octavas, combinaciones en acorde. Posibilidades t\u00e9cnicas.<\/li>\n<li>El flaut\u00edn. Desarrollo hist\u00f3rico. Estructura t\u00e9cnica.<br \/>\nProducci\u00f3n del sonido y notaci\u00f3n. Car\u00e1cter del sonido. Combinaciones<br \/>\nsonoras. Posibilidades t\u00e9cnicas.<\/li>\n<li>La flauta contralto. Desarrollo hist\u00f3rico. Estructura t\u00e9cnica.<br \/>\nProducci\u00f3n del sonido y notaci\u00f3n. Car\u00e1cter del sonido. Combinaciones<br \/>\nsonoras: combinaci\u00f3n al un\u00edsono, combinaciones en octavas, combinaciones en acorde. Posibilidades t\u00e9cnicas. Lugar en la orquesta.<\/li>\n<\/ol>\n","protected":false},"featured_media":7529,"template":"","meta":{"om_disable_all_campaigns":false,"_monsterinsights_skip_tracking":false,"_monsterinsights_sitenote_active":false,"_monsterinsights_sitenote_note":"","_monsterinsights_sitenote_category":0},"product_cat":[378,637],"product_tag":[],"aioseo_notices":[],"lang":"es","translations":{"es":3552},"pll_sync_post":[],"_links":{"self":[{"href":"https:\/\/www.dosacordes.es\/web\/wp-json\/wp\/v2\/product\/3552"}],"collection":[{"href":"https:\/\/www.dosacordes.es\/web\/wp-json\/wp\/v2\/product"}],"about":[{"href":"https:\/\/www.dosacordes.es\/web\/wp-json\/wp\/v2\/types\/product"}],"wp:featuredmedia":[{"embeddable":true,"href":"https:\/\/www.dosacordes.es\/web\/wp-json\/wp\/v2\/media\/7529"}],"wp:attachment":[{"href":"https:\/\/www.dosacordes.es\/web\/wp-json\/wp\/v2\/media?parent=3552"}],"wp:term":[{"taxonomy":"product_cat","embeddable":true,"href":"https:\/\/www.dosacordes.es\/web\/wp-json\/wp\/v2\/product_cat?post=3552"},{"taxonomy":"product_tag","embeddable":true,"href":"https:\/\/www.dosacordes.es\/web\/wp-json\/wp\/v2\/product_tag?post=3552"}],"curies":[{"name":"wp","href":"https:\/\/api.w.org\/{rel}","templated":true}]}}