{"id":3546,"date":"2025-12-17T00:01:38","date_gmt":"2025-12-16T23:01:38","guid":{"rendered":"http:\/\/www.dosacordes.es\/web\/?product=temario-de-lenguaje-musical"},"modified":"2026-03-22T23:08:44","modified_gmt":"2026-03-22T22:08:44","slug":"temario-de-lenguaje-musical","status":"publish","type":"product","link":"https:\/\/www.dosacordes.es\/web\/producto\/temario-de-lenguaje-musical\/","title":{"rendered":"Temario de Lenguaje Musical \u00a1NOVEDAD!"},"content":{"rendered":"","protected":false},"excerpt":{"rendered":"<h5>Mateo Iglesias Seoane, Javier Jurado Luque, Equipo docente de Dos Acordes<\/h5>\n<p>Seg\u00fan Orden ECD1753\/2015, de 25 de agosto, por la que se aprueban los temarios que han de regir en los procedimientos de ingreso, acceso y adquisici\u00f3n de nuevas especialidades en el Cuerpo de Profesores de M\u00fasica y Artes Esc\u00e9nicas (BOE del 28 de agosto de 2015).<\/p>\n<h4>\u00a1Nuevo temario completo!<\/h4>\n<h5>Primera edici\u00f3n, noviembre de 2025.<\/h5>\n","protected":false},"featured_media":15699,"template":"","meta":{"om_disable_all_campaigns":false,"_monsterinsights_skip_tracking":false,"_monsterinsights_sitenote_active":false,"_monsterinsights_sitenote_note":"","_monsterinsights_sitenote_category":0},"product_cat":[640],"product_tag":[],"aioseo_notices":[],"lang":"es","translations":{"es":3546},"pll_sync_post":[],"_links":{"self":[{"href":"https:\/\/www.dosacordes.es\/web\/wp-json\/wp\/v2\/product\/3546"}],"collection":[{"href":"https:\/\/www.dosacordes.es\/web\/wp-json\/wp\/v2\/product"}],"about":[{"href":"https:\/\/www.dosacordes.es\/web\/wp-json\/wp\/v2\/types\/product"}],"wp:featuredmedia":[{"embeddable":true,"href":"https:\/\/www.dosacordes.es\/web\/wp-json\/wp\/v2\/media\/15699"}],"wp:attachment":[{"href":"https:\/\/www.dosacordes.es\/web\/wp-json\/wp\/v2\/media?parent=3546"}],"wp:term":[{"taxonomy":"product_cat","embeddable":true,"href":"https:\/\/www.dosacordes.es\/web\/wp-json\/wp\/v2\/product_cat?post=3546"},{"taxonomy":"product_tag","embeddable":true,"href":"https:\/\/www.dosacordes.es\/web\/wp-json\/wp\/v2\/product_tag?post=3546"}],"curies":[{"name":"wp","href":"https:\/\/api.w.org\/{rel}","templated":true}]}}