{"id":3544,"date":"2016-12-28T19:30:01","date_gmt":"2016-12-28T19:30:01","guid":{"rendered":"http:\/\/www.dosacordes.es\/web\/?product=concertino-op-26-de-weber-para-orquesta-de-clarinetes"},"modified":"2024-11-06T18:52:12","modified_gmt":"2024-11-06T17:52:12","slug":"concertino-op-26-de-weber-para-orquesta-de-clarinetes","status":"publish","type":"product","link":"https:\/\/www.dosacordes.es\/web\/producto\/concertino-op-26-de-weber-para-orquesta-de-clarinetes\/","title":{"rendered":"Concertino op. 26 de Weber: Para orquesta de clarinetes"},"content":{"rendered":"","protected":false},"excerpt":{"rendered":"<h5>Carl Maria von Weber<\/h5>\n<p>Carl Maria von Weber (1786-1826) fue uno de los padres del repertorio del clarinete. Quienes amamos este instrumento concebimos sus obras como un referente. La partitura que presentamos es un ejemplo de hacer m\u00fasica \u00aben familia\u00bb, ya que el arreglo del Concertino Op. 26 para clarinete solo y coro de clarinetes naci\u00f3 como un trabajo personal de Tolo Genestar para el IV Curso de Clarinete Isla de Menorca (al que se dedica el arreglo), con la intenci\u00f3n de trabajar el ensamble de clarinetes, el estudio de instrumentos afines y, sobre todo, para culminar el curso tocando juntos una obra que la mayor\u00eda de estudiantes han estudiado alguna vez. Junto al autor, creemos que la m\u00fasica debe ser compartida: escuchar una familia de clarinetes como si fuera una orquesta es una sensaci\u00f3n que llena de alegr\u00eda y de orgullo por amar este magn\u00edfico instrumento.<\/p>\n<p>Partes independientes para clarinete solista, 1\u00ba, 2\u00ba, 3\u00ba, 4\u00ba, clarinete en Eb, clarinete alto en Eb, corno di bassetto y clarinete bajo.<\/p>\n","protected":false},"featured_media":7483,"template":"","meta":{"om_disable_all_campaigns":false,"_monsterinsights_skip_tracking":false,"_monsterinsights_sitenote_active":false,"_monsterinsights_sitenote_note":"","_monsterinsights_sitenote_category":0},"product_cat":[362],"product_tag":[],"aioseo_notices":[],"lang":"es","translations":{"es":3544,"en":14093},"pll_sync_post":[],"_links":{"self":[{"href":"https:\/\/www.dosacordes.es\/web\/wp-json\/wp\/v2\/product\/3544"}],"collection":[{"href":"https:\/\/www.dosacordes.es\/web\/wp-json\/wp\/v2\/product"}],"about":[{"href":"https:\/\/www.dosacordes.es\/web\/wp-json\/wp\/v2\/types\/product"}],"wp:featuredmedia":[{"embeddable":true,"href":"https:\/\/www.dosacordes.es\/web\/wp-json\/wp\/v2\/media\/7483"}],"wp:attachment":[{"href":"https:\/\/www.dosacordes.es\/web\/wp-json\/wp\/v2\/media?parent=3544"}],"wp:term":[{"taxonomy":"product_cat","embeddable":true,"href":"https:\/\/www.dosacordes.es\/web\/wp-json\/wp\/v2\/product_cat?post=3544"},{"taxonomy":"product_tag","embeddable":true,"href":"https:\/\/www.dosacordes.es\/web\/wp-json\/wp\/v2\/product_tag?post=3544"}],"curies":[{"name":"wp","href":"https:\/\/api.w.org\/{rel}","templated":true}]}}