{"id":3542,"date":"2020-05-30T03:19:46","date_gmt":"2020-05-30T03:19:46","guid":{"rendered":"http:\/\/www.dosacordes.es\/web\/?product=evocacia%c2%b3n"},"modified":"2023-12-27T22:12:03","modified_gmt":"2023-12-27T20:12:03","slug":"evocacia%c2%b3n","status":"publish","type":"product","link":"https:\/\/www.dosacordes.es\/web\/producto\/evocacia%c2%b3n\/","title":{"rendered":"Evocaci\u00f3n"},"content":{"rendered":"","protected":false},"excerpt":{"rendered":"<h5>Reveriano Soutullo<\/h5>\n<p>Dentro del trabajo de recuperaci\u00f3n de m\u00fasica que Dos Acordes protagoniza hace a\u00f1os, nos sentimos muy honrados de presentar el disco Evocaci\u00f3n, con obras para piano del maestro Soutullo interpretadas por Alejo Amoedo, uno de nuestros m\u00e1s prol\u00edficos autores. Este elegante \u00e1lbum, presentado en un digipack de tres cuerpos, al que acompa\u00f1a un libreto de 36 p\u00e1ginas, recoge 20 piezas pertenecientes a tres ciclos, adem\u00e1s de otras independientes:<\/p>\n<p>1. \u00a1Solo por ti! Mazurka. Man\u00f3n. Colecci\u00f3n de bailes f\u00e1ciles para piano.<br \/>\n2.\u00a0Ensue\u00f1os de Man\u00f3n. Habanera.<br \/>\n3.\u00a0Las delicias de Man\u00f3n. Polka.<br \/>\n4.\u00a0Veira do mar. Melod\u00eda galega.<br \/>\n<a href=\"http:\/\/dosacordes.es\/tienda\/index.php?main_page=product_info&amp;cPath=7&amp;products_id=174\">&#8211; En Noche de Luna. Colecci\u00f3n de seis piezas f\u00e1ciles para<br \/>\npiano.<\/a><br \/>\n5.\u00a0Amor que nace. Waltz.<br \/>\n6.\u00a0Declaraci\u00f3n rom\u00e1ntica. Habanera.<br \/>\n7.\u00a0El s\u00ed de la doncella. Polka.<br \/>\n8.\u00a0Entrevista amorosa. Mazurka.<br \/>\n9. \u00bfCelos? Scottish.<br \/>\n10.\u00a0Idealidad. Jota.<br \/>\n11.\u00a0Arabesca. Capricho \u00e1rabe para piano.<br \/>\n&#8211; En La Playa. Colecci\u00f3n de bailes f\u00e1ciles para piano.<br \/>\n12.\u00a0Waltz.<br \/>\n13.\u00a0Mazurka.<br \/>\n14.\u00a0Polka.<br \/>\n15.\u00a0Haban<span lang=\"PT\">era.<\/span><br \/>\n16.\u00a0<span lang=\"PT\">Fox-trot.<\/span><br \/>\n17.\u00a0<span lang=\"PT\">Jota.<\/span><br \/>\n18.\u00a0Eclipse de luna. Waltz lento de la zarzuela <i>La siega<\/i> de Lorenzo Andreu y Soutullo, arreglado para piano por L. Rals.<br \/>\n19.\u00a0La Casta Susana. Waltz sobre motivos de la opereta del maestro Jean Gilbert.<br \/>\n20.\u00a0Evocaci\u00f3n. Waltz lento para piano.<\/p>\n","protected":false},"featured_media":7524,"template":"","meta":{"om_disable_all_campaigns":false,"_monsterinsights_skip_tracking":false,"_monsterinsights_sitenote_active":false,"_monsterinsights_sitenote_note":"","_monsterinsights_sitenote_category":0},"product_cat":[350],"product_tag":[],"aioseo_notices":[],"lang":"es","translations":{"es":3542},"pll_sync_post":[],"_links":{"self":[{"href":"https:\/\/www.dosacordes.es\/web\/wp-json\/wp\/v2\/product\/3542"}],"collection":[{"href":"https:\/\/www.dosacordes.es\/web\/wp-json\/wp\/v2\/product"}],"about":[{"href":"https:\/\/www.dosacordes.es\/web\/wp-json\/wp\/v2\/types\/product"}],"wp:featuredmedia":[{"embeddable":true,"href":"https:\/\/www.dosacordes.es\/web\/wp-json\/wp\/v2\/media\/7524"}],"wp:attachment":[{"href":"https:\/\/www.dosacordes.es\/web\/wp-json\/wp\/v2\/media?parent=3542"}],"wp:term":[{"taxonomy":"product_cat","embeddable":true,"href":"https:\/\/www.dosacordes.es\/web\/wp-json\/wp\/v2\/product_cat?post=3542"},{"taxonomy":"product_tag","embeddable":true,"href":"https:\/\/www.dosacordes.es\/web\/wp-json\/wp\/v2\/product_tag?post=3542"}],"curies":[{"name":"wp","href":"https:\/\/api.w.org\/{rel}","templated":true}]}}