{"id":3540,"date":"2020-05-30T00:19:44","date_gmt":"2020-05-29T22:19:44","guid":{"rendered":"http:\/\/www.dosacordes.es\/web\/?product=da%c2%baas-melodaas-galegas-para-canto-e-piano"},"modified":"2025-06-26T15:15:22","modified_gmt":"2025-06-26T13:15:22","slug":"da%c2%baas-melodaas-galegas-para-canto-e-piano","status":"publish","type":"product","link":"https:\/\/www.dosacordes.es\/web\/producto\/da%c2%baas-melodaas-galegas-para-canto-e-piano\/","title":{"rendered":"D\u00faas melod\u00edas galegas para canto e piano"},"content":{"rendered":"","protected":false},"excerpt":{"rendered":"<h5>Reveriano Soutullo<\/h5>\n<h6><i>Veira d&#8217;o mar <\/i>e <i>Primadeira<br \/>\n<\/i><\/h6>\n<p>El conocido pianista e investigador Alejo Amoedo contin\u00faa su trabajo de recuperaci\u00f3n de la m\u00fasica del maestro Soutullo, iniciado exitosamente con las pian\u00edsticas <i>En Noche de Luna<\/i>. Esta nueva aportaci\u00f3n incluye dos preciosas canciones presentadas en una cuidada edici\u00f3n, transcritas en cuatro tonalidades para diferentes voces. Una faceta poco conocida del compositor, con la que Dos Acordes reafirma su inter\u00e9s ante la divulgaci\u00f3n de m\u00fasicas de estos per\u00edodos, recuperadas por investigadores solventes.<\/p>\n","protected":false},"featured_media":7509,"template":"","meta":{"om_disable_all_campaigns":false,"_monsterinsights_skip_tracking":false,"_monsterinsights_sitenote_active":false,"_monsterinsights_sitenote_note":"","_monsterinsights_sitenote_category":0},"product_cat":[360],"product_tag":[],"aioseo_notices":[],"lang":"es","translations":{"es":3540},"pll_sync_post":[],"_links":{"self":[{"href":"https:\/\/www.dosacordes.es\/web\/wp-json\/wp\/v2\/product\/3540"}],"collection":[{"href":"https:\/\/www.dosacordes.es\/web\/wp-json\/wp\/v2\/product"}],"about":[{"href":"https:\/\/www.dosacordes.es\/web\/wp-json\/wp\/v2\/types\/product"}],"wp:featuredmedia":[{"embeddable":true,"href":"https:\/\/www.dosacordes.es\/web\/wp-json\/wp\/v2\/media\/7509"}],"wp:attachment":[{"href":"https:\/\/www.dosacordes.es\/web\/wp-json\/wp\/v2\/media?parent=3540"}],"wp:term":[{"taxonomy":"product_cat","embeddable":true,"href":"https:\/\/www.dosacordes.es\/web\/wp-json\/wp\/v2\/product_cat?post=3540"},{"taxonomy":"product_tag","embeddable":true,"href":"https:\/\/www.dosacordes.es\/web\/wp-json\/wp\/v2\/product_tag?post=3540"}],"curies":[{"name":"wp","href":"https:\/\/api.w.org\/{rel}","templated":true}]}}