{"id":3536,"date":"2016-10-08T20:31:00","date_gmt":"2016-10-08T18:31:00","guid":{"rendered":"http:\/\/www.dosacordes.es\/web\/?product=obras-para-piano-i-juan-montes"},"modified":"2024-11-06T23:35:41","modified_gmt":"2024-11-06T22:35:41","slug":"obras-para-piano-i-juan-montes","status":"publish","type":"product","link":"https:\/\/www.dosacordes.es\/web\/producto\/obras-para-piano-i-juan-montes\/","title":{"rendered":"Obras para piano (I)"},"content":{"rendered":"","protected":false},"excerpt":{"rendered":"<h5>Juan Montes Cap\u00f3n<\/h5>\n<p>Volume que recolle a m\u00fasica pian\u00edstica do grande compositor lugu\u00e9s, en edici\u00f3n de Jo\u00e1m Trillo con notas de Carlos Villanueva. Corresponde ao volume 30 da serie Agra Vella dentro da colecci\u00f3n Ars Gallaeciae Musicae, coeditada coa AGADIC da Xunta de Galicia.<\/p>\n<p>Volumen que recoge la m\u00fasica pian\u00edstica del gran compositor lucense, en edici\u00f3n de Jo\u00e1m Trillo con notas de Carlos Villanueva. Corresponde al volumen 30 de la serie Agra Vella dentro de la colecci\u00f3n Ars Gallaeciae Musicae, coeditada con la AGADIC de la Xunta de Galicia.<\/p>\n","protected":false},"featured_media":7470,"template":"","meta":{"om_disable_all_campaigns":false,"_monsterinsights_skip_tracking":false,"_monsterinsights_sitenote_active":false,"_monsterinsights_sitenote_note":"","_monsterinsights_sitenote_category":0},"product_cat":[353],"product_tag":[638],"aioseo_notices":[],"lang":"es","translations":{"es":3536,"en":14126},"pll_sync_post":[],"_links":{"self":[{"href":"https:\/\/www.dosacordes.es\/web\/wp-json\/wp\/v2\/product\/3536"}],"collection":[{"href":"https:\/\/www.dosacordes.es\/web\/wp-json\/wp\/v2\/product"}],"about":[{"href":"https:\/\/www.dosacordes.es\/web\/wp-json\/wp\/v2\/types\/product"}],"wp:featuredmedia":[{"embeddable":true,"href":"https:\/\/www.dosacordes.es\/web\/wp-json\/wp\/v2\/media\/7470"}],"wp:attachment":[{"href":"https:\/\/www.dosacordes.es\/web\/wp-json\/wp\/v2\/media?parent=3536"}],"wp:term":[{"taxonomy":"product_cat","embeddable":true,"href":"https:\/\/www.dosacordes.es\/web\/wp-json\/wp\/v2\/product_cat?post=3536"},{"taxonomy":"product_tag","embeddable":true,"href":"https:\/\/www.dosacordes.es\/web\/wp-json\/wp\/v2\/product_tag?post=3536"}],"curies":[{"name":"wp","href":"https:\/\/api.w.org\/{rel}","templated":true}]}}