{"id":3526,"date":"2015-09-27T14:42:35","date_gmt":"2015-09-27T12:42:35","guid":{"rendered":"http:\/\/www.dosacordes.es\/web\/?product=nocturno-vigo-para-violan-y-piano"},"modified":"2025-11-30T21:21:46","modified_gmt":"2025-11-30T20:21:46","slug":"nocturno-vigo-para-violan-y-piano","status":"publish","type":"product","link":"https:\/\/www.dosacordes.es\/web\/producto\/nocturno-vigo-para-violan-y-piano\/","title":{"rendered":"Nocturno Vigo: Para viol\u00edn y piano"},"content":{"rendered":"","protected":false},"excerpt":{"rendered":"<h5>Reveriano Soutullo<\/h5>\n<p>El <i>Nocturno para viol\u00edn y piano de la suite de orquesta sobre cantos gallegos titulada Vigo <\/i>es una adaptaci\u00f3n de c\u00e1mara realizada por Soutullo a principios de la d\u00e9cada de 1930. Se basa en el segundo movimiento de la Suite Vigo, para banda, que el compositor cre\u00f3 sobre cantos populares gallegos y que ha sido tambi\u00e9n publicada por Dos Acordes. Se trata de una obra de peque\u00f1o formato cuyo tema principal se basa en un alal\u00e1 popular. Sus caracter\u00edsticas la hacen id\u00f3nea para el estudio y el acercamiento a la obra de este gran compositor, conocido sobre todo por su faceta l\u00edrica.<\/p>\n","protected":false},"featured_media":7531,"template":"","meta":{"om_disable_all_campaigns":false,"_monsterinsights_skip_tracking":false,"_monsterinsights_sitenote_active":false,"_monsterinsights_sitenote_note":"","_monsterinsights_sitenote_category":0},"product_cat":[356],"product_tag":[],"aioseo_notices":[],"lang":"es","translations":{"es":3526},"pll_sync_post":[],"_links":{"self":[{"href":"https:\/\/www.dosacordes.es\/web\/wp-json\/wp\/v2\/product\/3526"}],"collection":[{"href":"https:\/\/www.dosacordes.es\/web\/wp-json\/wp\/v2\/product"}],"about":[{"href":"https:\/\/www.dosacordes.es\/web\/wp-json\/wp\/v2\/types\/product"}],"wp:featuredmedia":[{"embeddable":true,"href":"https:\/\/www.dosacordes.es\/web\/wp-json\/wp\/v2\/media\/7531"}],"wp:attachment":[{"href":"https:\/\/www.dosacordes.es\/web\/wp-json\/wp\/v2\/media?parent=3526"}],"wp:term":[{"taxonomy":"product_cat","embeddable":true,"href":"https:\/\/www.dosacordes.es\/web\/wp-json\/wp\/v2\/product_cat?post=3526"},{"taxonomy":"product_tag","embeddable":true,"href":"https:\/\/www.dosacordes.es\/web\/wp-json\/wp\/v2\/product_tag?post=3526"}],"curies":[{"name":"wp","href":"https:\/\/api.w.org\/{rel}","templated":true}]}}