{"id":3524,"date":"2015-09-27T14:22:43","date_gmt":"2015-09-27T12:22:43","guid":{"rendered":"http:\/\/www.dosacordes.es\/web\/?product=ponteareas-reveriano-soutullo-banda-de-ma%c2%basica-xuvenil-d-xinzo"},"modified":"2023-12-19T21:42:54","modified_gmt":"2023-12-19T19:42:54","slug":"ponteareas-reveriano-soutullo-banda-de-ma%c2%basica-xuvenil-d-xinzo","status":"publish","type":"product","link":"https:\/\/www.dosacordes.es\/web\/producto\/ponteareas-reveriano-soutullo-banda-de-ma%c2%basica-xuvenil-d-xinzo\/","title":{"rendered":"Puenteareas"},"content":{"rendered":"","protected":false},"excerpt":{"rendered":"<h5>Reveriano Soutullo.<\/h5>\n<p>Banda de M\u00fasica Xuvenil de Xinzo. Juan Carlos D\u00edaz \u00c1lvarez, director.<\/p>\n<p>Segundo M\u00aa Rosa Arija Soutullo, Presidente da Fundaci\u00f3n Soutullo, \u00abPresentamos neste disco unha escolma das obras para banda de m\u00fasica do Mestre Soutullo, a maior parte dela composta entre 1904 e 1915, que nos introduce no co\u00f1ecemento desta faceta do compositor. Acompa\u00f1an ao CD alg\u00fans n\u00fameros de zarzuelas na s\u00faa versi\u00f3n para banda, de posterior creaci\u00f3n. Algunhas das partituras (Leonor, Irene e Hazme un mimo) foron recuperadas no 2006 pola Fundaci\u00f3n Reveriano Soutullo Otero nos arquivos da Banda Municipal de Vigo, atopando outras en diferentes arquivos\u00c2\u00bb.<br \/>\nBaixo a direcci\u00f3n de Juan Carlos D\u00edaz \u00c1lvarez, a Banda de M\u00fasica Xuvenil de Xinzo, interpreta esta escolma de obras do xenial compositor, sen d\u00fabida, o m\u00e1is reco\u00f1ecido de Galicia.<br \/>\nO CD incl\u00fae as seguintes pezas:<br \/>\n1 La Hostia Sagrada, procesi\u00f3n. R. Soutullo. Revisi\u00f3n para banda, J. Jurado<br \/>\n2 La paloma del barrio, pasodobre. R. Soutullo e L. Andreu<br \/>\n3 Ondulando, vals. R. Soutullo<br \/>\n4 La anunciaci\u00f3n de la jota , diana. R. Soutullo<br \/>\n5 El regalo de boda, serenata. R. Soutullo e J. Vert. Transcripci\u00f3n, M. San Miguel<br \/>\n6 Veira do mar, melod\u00eda galega. R. Soutullo. Instrumentaci\u00f3n, J. Luis Represas<br \/>\n7 La guillotina, fado. R. Soutullo e J. Vert<br \/>\n8 Irene, mazurka. R. Soutullo<br \/>\n9 La conquista del mundo, chotis. R. Soutullo e J. Vert<br \/>\n10 Hazme un mimo, tango\/habanera. R. Soutullo e L. Andreu<br \/>\n11 Luces de verbena, canci\u00f3n madrile\u00f1a. R. Soutullo e G. Baudot<br \/>\n12 Leonor, polka. R. Soutullo<br \/>\n13 Elixir de amor, tango. R. Soutullo<br \/>\n14 As mozas do Couto , mui\u00f1eira. R. Soutullo<br \/>\n15 Ponteareas, pasodobre. R. Soutullo. Gravaci\u00f3n en directo do certame galego 2012<\/p>\n","protected":false},"featured_media":7448,"template":"","meta":{"om_disable_all_campaigns":false,"_monsterinsights_skip_tracking":false,"_monsterinsights_sitenote_active":false,"_monsterinsights_sitenote_note":"","_monsterinsights_sitenote_category":0},"product_cat":[349,350],"product_tag":[],"aioseo_notices":[],"lang":"es","translations":{"es":3524},"pll_sync_post":[],"_links":{"self":[{"href":"https:\/\/www.dosacordes.es\/web\/wp-json\/wp\/v2\/product\/3524"}],"collection":[{"href":"https:\/\/www.dosacordes.es\/web\/wp-json\/wp\/v2\/product"}],"about":[{"href":"https:\/\/www.dosacordes.es\/web\/wp-json\/wp\/v2\/types\/product"}],"wp:featuredmedia":[{"embeddable":true,"href":"https:\/\/www.dosacordes.es\/web\/wp-json\/wp\/v2\/media\/7448"}],"wp:attachment":[{"href":"https:\/\/www.dosacordes.es\/web\/wp-json\/wp\/v2\/media?parent=3524"}],"wp:term":[{"taxonomy":"product_cat","embeddable":true,"href":"https:\/\/www.dosacordes.es\/web\/wp-json\/wp\/v2\/product_cat?post=3524"},{"taxonomy":"product_tag","embeddable":true,"href":"https:\/\/www.dosacordes.es\/web\/wp-json\/wp\/v2\/product_tag?post=3524"}],"curies":[{"name":"wp","href":"https:\/\/api.w.org\/{rel}","templated":true}]}}