{"id":3522,"date":"2020-05-30T03:19:16","date_gmt":"2020-05-30T01:19:16","guid":{"rendered":"http:\/\/www.dosacordes.es\/web\/?product=te-canto-esca%c2%bachame-coral-polifa%c2%b3nica-ars-cantorum-de-guillade"},"modified":"2020-07-21T19:47:00","modified_gmt":"2020-07-21T17:47:00","slug":"te-canto-esca%c2%bachame-coral-polifa%c2%b3nica-ars-cantorum-de-guillade","status":"publish","type":"product","link":"https:\/\/www.dosacordes.es\/web\/producto\/te-canto-esca%c2%bachame-coral-polifa%c2%b3nica-ars-cantorum-de-guillade\/","title":{"rendered":"Te canto, esc\u00fachame"},"content":{"rendered":"","protected":false},"excerpt":{"rendered":"<h5>Coral Polif\u00f3nica Ars Cantorum de Guillade<\/h5>\n<p>B<span style=\"display: inline !important; float: none; background-color: #edf3f4; color: #757575; cursor: text; font-family: 'Montserrat',sans-serif; font-size: 14px; font-style: normal; font-variant: normal; font-weight: 400; letter-spacing: normal; orphans: 2; text-align: left; text-decoration: none; text-indent: 0px; text-transform: none; -webkit-text-stroke-width: 0px; white-space: normal; word-spacing: 0px;\">ajo la direcci\u00f3n del maestro Javier Alonso,\u00a0 este CD en formato Digipack, que contiene los siguientes temas:<\/span><br \/>\n<span style=\"display: inline !important; float: none; background-color: #edf3f4; color: #757575; cursor: text; font-family: 'Montserrat',sans-serif; font-size: 14px; font-style: normal; font-variant: normal; font-weight: 400; letter-spacing: normal; orphans: 2; text-align: left; text-decoration: none; text-indent: 0px; text-transform: none; -webkit-text-stroke-width: 0px; white-space: normal; word-spacing: 0px;\">1 SIGNORE DELLE CIME, Guiseppe di Marzi.<\/span><br \/>\n<span style=\"display: inline !important; float: none; background-color: #edf3f4; color: #757575; cursor: text; font-family: 'Montserrat',sans-serif; font-size: 14px; font-style: normal; font-variant: normal; font-weight: 400; letter-spacing: normal; orphans: 2; text-align: left; text-decoration: none; text-indent: 0px; text-transform: none; -webkit-text-stroke-width: 0px; white-space: normal; word-spacing: 0px;\">2 AVE MAR\u00cdA, Julio C\u00e9sar Dom\u00ednguez. <\/span><br \/>\n<span style=\"display: inline !important; float: none; background-color: #edf3f4; color: #757575; cursor: text; font-family: 'Montserrat',sans-serif; font-size: 14px; font-style: normal; font-variant: normal; font-weight: 400; letter-spacing: normal; orphans: 2; text-align: left; text-decoration: none; text-indent: 0px; text-transform: none; -webkit-text-stroke-width: 0px; white-space: normal; word-spacing: 0px;\">3 JARD\u00cdN DE ENSUE\u00d1O, Francisco Rey Rivero. <\/span><br \/>\n<span style=\"display: inline !important; float: none; background-color: #edf3f4; color: #757575; cursor: text; font-family: 'Montserrat',sans-serif; font-size: 14px; font-style: normal; font-variant: normal; font-weight: 400; letter-spacing: normal; orphans: 2; text-align: left; text-decoration: none; text-indent: 0px; text-transform: none; -webkit-text-stroke-width: 0px; white-space: normal; word-spacing: 0px;\">4 UNA L\u00c1GRIMA, Francisco Rey Rivero. <\/span><br \/>\n<span style=\"display: inline !important; float: none; background-color: #edf3f4; color: #757575; cursor: text; font-family: 'Montserrat',sans-serif; font-size: 14px; font-style: normal; font-variant: normal; font-weight: 400; letter-spacing: normal; orphans: 2; text-align: left; text-decoration: none; text-indent: 0px; text-transform: none; -webkit-text-stroke-width: 0px; white-space: normal; word-spacing: 0px;\">5 LA NUIT, J. P. Rameau. <\/span><br \/>\n<span style=\"display: inline !important; float: none; background-color: #edf3f4; color: #757575; cursor: text; font-family: 'Montserrat',sans-serif; font-size: 14px; font-style: normal; font-variant: normal; font-weight: 400; letter-spacing: normal; orphans: 2; text-align: left; text-decoration: none; text-indent: 0px; text-transform: none; -webkit-text-stroke-width: 0px; white-space: normal; word-spacing: 0px;\">6 EL ABANICO, J. Trayter. <\/span><br \/>\n<span style=\"display: inline !important; float: none; background-color: #edf3f4; color: #757575; cursor: text; font-family: 'Montserrat',sans-serif; font-size: 14px; font-style: normal; font-variant: normal; font-weight: 400; letter-spacing: normal; orphans: 2; text-align: left; text-decoration: none; text-indent: 0px; text-transform: none; -webkit-text-stroke-width: 0px; white-space: normal; word-spacing: 0px;\">7 ENGUEDELLOS, Francisco Rey Rivero. <\/span><br \/>\n<span style=\"display: inline !important; float: none; background-color: #edf3f4; color: #757575; cursor: text; font-family: 'Montserrat',sans-serif; font-size: 14px; font-style: normal; font-variant: normal; font-weight: 400; letter-spacing: normal; orphans: 2; text-align: left; text-decoration: none; text-indent: 0px; text-transform: none; -webkit-text-stroke-width: 0px; white-space: normal; word-spacing: 0px;\">8 PARA QUERERTE TANTO, Jos\u00e9 Alfredo Oliveira. <\/span><br \/>\n<span style=\"display: inline !important; float: none; background-color: #edf3f4; color: #757575; cursor: text; font-family: 'Montserrat',sans-serif; font-size: 14px; font-style: normal; font-variant: normal; font-weight: 400; letter-spacing: normal; orphans: 2; text-align: left; text-decoration: none; text-indent: 0px; text-transform: none; -webkit-text-stroke-width: 0px; white-space: normal; word-spacing: 0px;\">9 EN TI SEC\u00d3 MI AMOR, Javier Dom\u00ednguez. <\/span><br \/>\n<span style=\"display: inline !important; float: none; background-color: #edf3f4; color: #757575; cursor: text; font-family: 'Montserrat',sans-serif; font-size: 14px; font-style: normal; font-variant: normal; font-weight: 400; letter-spacing: normal; orphans: 2; text-align: left; text-decoration: none; text-indent: 0px; text-transform: none; -webkit-text-stroke-width: 0px; white-space: normal; word-spacing: 0px;\">10 OJOS DE ESPA\u00d1A, Bert Kaempfert. <\/span><br \/>\n<span style=\"display: inline !important; float: none; background-color: #edf3f4; color: #757575; cursor: text; font-family: 'Montserrat',sans-serif; font-size: 14px; font-style: normal; font-variant: normal; font-weight: 400; letter-spacing: normal; orphans: 2; text-align: left; text-decoration: none; text-indent: 0px; text-transform: none; -webkit-text-stroke-width: 0px; white-space: normal; word-spacing: 0px;\">11 AS MOZAS DA MI\u00c3\u2018A TERRA, \u00c3\u0081ngel Viro.<\/span><br \/>\n<span style=\"display: inline !important; float: none; background-color: #edf3f4; color: #757575; cursor: text; font-family: 'Montserrat',sans-serif; font-size: 14px; font-style: normal; font-variant: normal; font-weight: 400; letter-spacing: normal; orphans: 2; text-align: left; text-decoration: none; text-indent: 0px; text-transform: none; -webkit-text-stroke-width: 0px; white-space: normal; word-spacing: 0px;\">12 TI VIR\u00c1S, Ademar \u00c3\u0081lvarez.<\/span><\/p>\n","protected":false},"featured_media":7441,"template":"","meta":{"om_disable_all_campaigns":false,"_monsterinsights_skip_tracking":false,"_monsterinsights_sitenote_active":false,"_monsterinsights_sitenote_note":"","_monsterinsights_sitenote_category":0},"product_cat":[350],"product_tag":[],"aioseo_notices":[],"lang":"es","translations":{"es":3522},"pll_sync_post":[],"_links":{"self":[{"href":"https:\/\/www.dosacordes.es\/web\/wp-json\/wp\/v2\/product\/3522"}],"collection":[{"href":"https:\/\/www.dosacordes.es\/web\/wp-json\/wp\/v2\/product"}],"about":[{"href":"https:\/\/www.dosacordes.es\/web\/wp-json\/wp\/v2\/types\/product"}],"wp:featuredmedia":[{"embeddable":true,"href":"https:\/\/www.dosacordes.es\/web\/wp-json\/wp\/v2\/media\/7441"}],"wp:attachment":[{"href":"https:\/\/www.dosacordes.es\/web\/wp-json\/wp\/v2\/media?parent=3522"}],"wp:term":[{"taxonomy":"product_cat","embeddable":true,"href":"https:\/\/www.dosacordes.es\/web\/wp-json\/wp\/v2\/product_cat?post=3522"},{"taxonomy":"product_tag","embeddable":true,"href":"https:\/\/www.dosacordes.es\/web\/wp-json\/wp\/v2\/product_tag?post=3522"}],"curies":[{"name":"wp","href":"https:\/\/api.w.org\/{rel}","templated":true}]}}