{"id":3518,"date":"2014-11-20T15:48:05","date_gmt":"2014-11-20T15:48:05","guid":{"rendered":"http:\/\/www.dosacordes.es\/web\/?product=en-noche-de-luna-seis-piezas-faciles-para-piano"},"modified":"2025-09-18T20:44:20","modified_gmt":"2025-09-18T18:44:20","slug":"en-noche-de-luna-seis-piezas-faciles-para-piano","status":"publish","type":"product","link":"https:\/\/www.dosacordes.es\/web\/producto\/en-noche-de-luna-seis-piezas-faciles-para-piano\/","title":{"rendered":"En Noche de Luna: Seis piezas f\u00e1ciles para piano"},"content":{"rendered":"","protected":false},"excerpt":{"rendered":"<h5>Reveriano Soutullo<\/h5>\n<p>La partitura objeto de esta edici\u00f3n se titula <i>En Noche de Luna. Colecci\u00f3n de seis piezas f\u00e1ciles para piano, por L. Rals<\/i> e<br \/>\nincluye los siguientes n\u00fameros y subt\u00edtulos: N.\u00ba 1: Amor que nace, Wals [sic]. N.\u00ba 2: Declaraci\u00f3n rom\u00e1ntica, Habanera. N.\u00ba 3: El s\u00ed de la doncella, Polka. N.\u00ba 4: Entrevista amorosa, Mazurka.\u00a0N.\u00ba 5: \u00bfCelos?, Schotis. N.\u00ba 6: Idealidad, Jota.<\/p>\n<p class=\"Estilo1\">De los tres ciclos pian\u00edsticos del cat\u00e1logo del compositor este es el \u00fanico \u00e1lbum que se conserva completo y del que el editor localiz\u00f3 todos los n\u00fameros. Adem\u00e1s de su inter\u00e9s como muestra de la composici\u00f3n del gran autor gallego, el \u00e1lbum es recomendable debido a su posible trato pedag\u00f3gico, ya que los n\u00fameros est\u00e1n equilibrados en cuanto al tratamiento t\u00e9cnico musical lo que, a la vez, permite la inclusi\u00f3n de este tipo de repertorio en las programaciones tanto de los conservatorios como de las escuelas de m\u00fasica, o bien de cualquier otro centro de formaci\u00f3n musical. Tambi\u00e9n consideramos su posible uso como repertorio del pianista en las clases de baile o danza, al ser bailes todos los n\u00fameros.<\/p>\n","protected":false},"featured_media":3519,"template":"","meta":{"om_disable_all_campaigns":false,"_monsterinsights_skip_tracking":false,"_monsterinsights_sitenote_active":false,"_monsterinsights_sitenote_note":"","_monsterinsights_sitenote_category":0},"product_cat":[353],"product_tag":[],"aioseo_notices":[],"lang":"es","translations":{"es":3518,"en":14131},"pll_sync_post":[],"_links":{"self":[{"href":"https:\/\/www.dosacordes.es\/web\/wp-json\/wp\/v2\/product\/3518"}],"collection":[{"href":"https:\/\/www.dosacordes.es\/web\/wp-json\/wp\/v2\/product"}],"about":[{"href":"https:\/\/www.dosacordes.es\/web\/wp-json\/wp\/v2\/types\/product"}],"wp:featuredmedia":[{"embeddable":true,"href":"https:\/\/www.dosacordes.es\/web\/wp-json\/wp\/v2\/media\/3519"}],"wp:attachment":[{"href":"https:\/\/www.dosacordes.es\/web\/wp-json\/wp\/v2\/media?parent=3518"}],"wp:term":[{"taxonomy":"product_cat","embeddable":true,"href":"https:\/\/www.dosacordes.es\/web\/wp-json\/wp\/v2\/product_cat?post=3518"},{"taxonomy":"product_tag","embeddable":true,"href":"https:\/\/www.dosacordes.es\/web\/wp-json\/wp\/v2\/product_tag?post=3518"}],"curies":[{"name":"wp","href":"https:\/\/api.w.org\/{rel}","templated":true}]}}