{"id":3514,"date":"2020-05-13T19:36:46","date_gmt":"2020-05-13T19:36:46","guid":{"rendered":"http:\/\/www.dosacordes.es\/web\/?product=6-baladas-galegas-j-montes-transcricia%c2%b3n-para-clarinete"},"modified":"2024-11-06T18:51:09","modified_gmt":"2024-11-06T17:51:09","slug":"6-baladas-galegas-j-montes-transcricia%c2%b3n-para-clarinete","status":"publish","type":"product","link":"https:\/\/www.dosacordes.es\/web\/producto\/6-baladas-galegas-j-montes-transcricia%c2%b3n-para-clarinete\/","title":{"rendered":"6 Baladas Gallegas"},"content":{"rendered":"","protected":false},"excerpt":{"rendered":"<h5>Juan Montes<\/h5>\n<p>Tr\u00e1tase da transcrici\u00f3n para clarinete e piano das 6 Baladas Galegas de Xo\u00e1n Montes: <em>As lixeiras anduri\u00f1as, Doce sono, Negra Sombra, Lonxe da terri\u00f1a, Unha noite na eira do trigo <\/em>e <em>O pensar do labrego<\/em>, realizada por Marta Sancho, catedr\u00e1tica de clarinete no Conservatorio Superior de M\u00fasica da Coru\u00f1a.\u00a0 Coa s\u00faa interpretaci\u00f3n, o alumnado pode achegarse \u00e1 m\u00fasica patrimonial, asumindo as s\u00faas caracter\u00edsticas. As pezas, moi axeitadas para o instrumento, permiten traballar aspectos t\u00e9cnicos e interpretativos e, ademais, dan a co\u00f1ecer un repertorio imprescindible na nosa terra.<\/p>\n<p>Para escoitar as obras:<\/p>\n<p>As lixeiras anduri\u00f1as: <a href=\"https:\/\/www.youtube.com\/watch?v=odEUJxV0Jj0\">https:\/\/www.youtube.com\/watch?v=odEUJxV0Jj0<\/a><br \/>\nDoce sono: <a href=\"https:\/\/www.youtube.com\/watch?v=dWGoEvXtB38\">https:\/\/www.youtube.com\/watch?v=dWGoEvXtB38<\/a><br \/>\nNegra sombra: <a href=\"https:\/\/www.youtube.com\/watch?v=HBs8WoZxeHA\">https:\/\/www.youtube.com\/watch?v=HBs8WoZxeHA<\/a><br \/>\nLonxe da terri\u00f1a: <a href=\"https:\/\/www.youtube.com\/watch?v=9pYeU_Qhbh0\">https:\/\/www.youtube.com\/watch?v=9pYeU_Qhbh0<\/a><br \/>\nUnha noite na eira do trigo: <a href=\"https:\/\/www.youtube.com\/watch?v=9yG-iFFMRF8\">https:\/\/www.youtube.com\/watch?v=9yG-iFFMRF8<\/a><br \/>\nO pensar do labrego: <a href=\"https:\/\/www.youtube.com\/watch?v=4EfVoNmxVg0\">https:\/\/www.youtube.com\/watch?v=4EfVoNmxVg0<\/a><br \/>\nSeis baladas galegas de Juan Montes: <a href=\"https:\/\/www.youtube.com\/watch?v=aaRK54AAczk\">https:\/\/www.youtube.com\/watch?v=aaRK54AAczk<\/a><\/p>\n","protected":false},"featured_media":3515,"template":"","meta":{"om_disable_all_campaigns":false,"_monsterinsights_skip_tracking":false,"_monsterinsights_sitenote_active":false,"_monsterinsights_sitenote_note":"","_monsterinsights_sitenote_category":0},"product_cat":[362],"product_tag":[],"aioseo_notices":[],"lang":"es","translations":{"es":3514,"en":14092},"pll_sync_post":[],"_links":{"self":[{"href":"https:\/\/www.dosacordes.es\/web\/wp-json\/wp\/v2\/product\/3514"}],"collection":[{"href":"https:\/\/www.dosacordes.es\/web\/wp-json\/wp\/v2\/product"}],"about":[{"href":"https:\/\/www.dosacordes.es\/web\/wp-json\/wp\/v2\/types\/product"}],"wp:featuredmedia":[{"embeddable":true,"href":"https:\/\/www.dosacordes.es\/web\/wp-json\/wp\/v2\/media\/3515"}],"wp:attachment":[{"href":"https:\/\/www.dosacordes.es\/web\/wp-json\/wp\/v2\/media?parent=3514"}],"wp:term":[{"taxonomy":"product_cat","embeddable":true,"href":"https:\/\/www.dosacordes.es\/web\/wp-json\/wp\/v2\/product_cat?post=3514"},{"taxonomy":"product_tag","embeddable":true,"href":"https:\/\/www.dosacordes.es\/web\/wp-json\/wp\/v2\/product_tag?post=3514"}],"curies":[{"name":"wp","href":"https:\/\/api.w.org\/{rel}","templated":true}]}}