{"id":3510,"date":"2014-02-01T12:01:55","date_gmt":"2014-02-01T12:01:55","guid":{"rendered":"http:\/\/www.dosacordes.es\/web\/?product=sonata-para-clarinete-y-piano"},"modified":"2024-12-21T00:02:02","modified_gmt":"2024-12-20T23:02:02","slug":"sonata-para-clarinete-y-piano","status":"publish","type":"product","link":"https:\/\/www.dosacordes.es\/web\/producto\/sonata-para-clarinete-y-piano\/","title":{"rendered":"Sonata para clarinete y piano"},"content":{"rendered":"","protected":false},"excerpt":{"rendered":"<h5>David Cuevas S\u00e1nchez<\/h5>\n<p><span style=\"display: inline !important; float: none; background-color: #edf3f4; color: #757575; cursor: text; font-family: 'Montserrat',sans-serif; font-size: 14px; font-style: normal; font-variant: normal; font-weight: 400; letter-spacing: normal; orphans: 2; text-align: left; text-decoration: none; text-indent: 0px; text-transform: none; -webkit-text-stroke-width: 0px; white-space: normal; word-spacing: 0px;\">David Cuevas, profesor del departamento de Composici\u00f3n del Conservatorio Superior de M\u00fasica de Vigo, publica su sonata para clarinete y piano. Compuesta en dos movimientos, Debussyana y Poulenquiana, como forma de homenaje a estos dos grandes m\u00fasicos franceses, es apta para la interpretaci\u00f3n a partir de los \u00faltimos cursos del grado profesional.\u00a0<\/span><\/p>\n","protected":false},"featured_media":7512,"template":"","meta":{"om_disable_all_campaigns":false,"_monsterinsights_skip_tracking":false,"_monsterinsights_sitenote_active":false,"_monsterinsights_sitenote_note":"","_monsterinsights_sitenote_category":0},"product_cat":[362],"product_tag":[],"aioseo_notices":[],"lang":"es","translations":{"es":3510,"en":14097},"pll_sync_post":[],"_links":{"self":[{"href":"https:\/\/www.dosacordes.es\/web\/wp-json\/wp\/v2\/product\/3510"}],"collection":[{"href":"https:\/\/www.dosacordes.es\/web\/wp-json\/wp\/v2\/product"}],"about":[{"href":"https:\/\/www.dosacordes.es\/web\/wp-json\/wp\/v2\/types\/product"}],"wp:featuredmedia":[{"embeddable":true,"href":"https:\/\/www.dosacordes.es\/web\/wp-json\/wp\/v2\/media\/7512"}],"wp:attachment":[{"href":"https:\/\/www.dosacordes.es\/web\/wp-json\/wp\/v2\/media?parent=3510"}],"wp:term":[{"taxonomy":"product_cat","embeddable":true,"href":"https:\/\/www.dosacordes.es\/web\/wp-json\/wp\/v2\/product_cat?post=3510"},{"taxonomy":"product_tag","embeddable":true,"href":"https:\/\/www.dosacordes.es\/web\/wp-json\/wp\/v2\/product_tag?post=3510"}],"curies":[{"name":"wp","href":"https:\/\/api.w.org\/{rel}","templated":true}]}}