{"id":3504,"date":"2020-05-30T03:18:51","date_gmt":"2020-05-30T03:18:51","guid":{"rendered":"http:\/\/www.dosacordes.es\/web\/?product=guitarra-tacnica-e-interpretacia%c2%b3n-nivel-elemental-profesiona"},"modified":"2026-03-25T11:06:20","modified_gmt":"2026-03-25T10:06:20","slug":"guitarra-tacnica-e-interpretacia%c2%b3n-nivel-elemental-profesiona","status":"publish","type":"product","link":"https:\/\/www.dosacordes.es\/web\/producto\/guitarra-tacnica-e-interpretacia%c2%b3n-nivel-elemental-profesiona\/","title":{"rendered":"Guitarra: T\u00e9cnica e interpretaci\u00f3n"},"content":{"rendered":"","protected":false},"excerpt":{"rendered":"<h5>Fernando P\u00e9rez Fern\u00e1ndez<\/h5>\n<p>De n<span style=\"display: inline !important;float: none;background-color: #edf3f4;color: #757575;cursor: text;font-family: 'Montserrat',sans-serif;font-size: 14px;font-style: normal;font-variant: normal;font-weight: 400;letter-spacing: normal;text-align: left;text-decoration: none;text-indent: 0px;text-transform: none\">ivel elemental-profesional, e<\/span>ste libro marca, de forma progresiva y escalonada, los pasos que se deben seguir ante el estudio diario del instrumento. De manera cercana, escrito en el lenguaje directo, llano y cotidiano que entienden los j\u00f3venes y al cual saben acercarse los grandes profesores, el libro constituye una gu\u00eda precisa para afrontar, de forma sistem\u00e1tica y rigurosa, el estudio diario de todas aquellas personas que se inician, o bien que llevan pocos cursos, con este instrumento. Un m\u00e9todo escrito con el nivel de un enorme concertista que es, a la vez, un docente experimentado. Contiene, adem\u00e1s, siete estudios compuestos por el autor.<\/p>\n","protected":false},"featured_media":3505,"template":"","meta":{"om_disable_all_campaigns":false,"_monsterinsights_skip_tracking":false,"_monsterinsights_sitenote_active":false,"_monsterinsights_sitenote_note":"","_monsterinsights_sitenote_category":0},"product_cat":[361],"product_tag":[],"aioseo_notices":[],"lang":"es","translations":{"es":3504,"en":14107},"pll_sync_post":[],"_links":{"self":[{"href":"https:\/\/www.dosacordes.es\/web\/wp-json\/wp\/v2\/product\/3504"}],"collection":[{"href":"https:\/\/www.dosacordes.es\/web\/wp-json\/wp\/v2\/product"}],"about":[{"href":"https:\/\/www.dosacordes.es\/web\/wp-json\/wp\/v2\/types\/product"}],"wp:featuredmedia":[{"embeddable":true,"href":"https:\/\/www.dosacordes.es\/web\/wp-json\/wp\/v2\/media\/3505"}],"wp:attachment":[{"href":"https:\/\/www.dosacordes.es\/web\/wp-json\/wp\/v2\/media?parent=3504"}],"wp:term":[{"taxonomy":"product_cat","embeddable":true,"href":"https:\/\/www.dosacordes.es\/web\/wp-json\/wp\/v2\/product_cat?post=3504"},{"taxonomy":"product_tag","embeddable":true,"href":"https:\/\/www.dosacordes.es\/web\/wp-json\/wp\/v2\/product_tag?post=3504"}],"curies":[{"name":"wp","href":"https:\/\/api.w.org\/{rel}","templated":true}]}}