{"id":3493,"date":"2020-05-30T03:18:37","date_gmt":"2020-05-30T03:18:37","guid":{"rendered":"http:\/\/www.dosacordes.es\/web\/?product=oito-canaoes-de-juan-a-moreno-fuentes-sobre-poemas-de-rosalia"},"modified":"2025-02-08T17:16:43","modified_gmt":"2025-02-08T16:16:43","slug":"oito-canaoes-de-juan-a-moreno-fuentes-sobre-poemas-de-rosalia","status":"publish","type":"product","link":"https:\/\/www.dosacordes.es\/web\/producto\/oito-canaoes-de-juan-a-moreno-fuentes-sobre-poemas-de-rosalia\/","title":{"rendered":"Oito can\u00e7oes"},"content":{"rendered":"","protected":false},"excerpt":{"rendered":"<h5>Juan Antonio Moreno Fuentes<\/h5>\n<p>Juan Antonio Moreno Fuentes, Prefeito de M\u00fasica e Coengo Maxistral da catedral de Lugo (1904-1987) deixou unha ampla mostra do seu traballo musical na catedral onde traballou. As oito canci\u00f3ns sobre textos de Rosal\u00eda de Castro que agora publicamos, foron editadas polo director lugu\u00e9s Fernando G\u00f3mez J\u00e1come e van precedidas dun amplo estudo sobre a vida e obra do compositor, m\u00e1is o cat\u00e1logo completo da s\u00faa produci\u00f3n, realizados polo Prof. Dr. Javier Garbayo. Aos dous editores sumouse o traballo de adaptaci\u00f3n das letras desenvolvido pola ling\u00fcista e guitarrista Isabel Rei Samartim.<br \/>\nOs t\u00edtulos das pezas (normativizados ao <i>galego comum<\/i>) son: \u00abUm repoludo gaiteiro\u00bb, \u00abVim-te uma clara noite\u00bb, \u00abAcol\u00e1 enriba\u00bb, \u00abNossa Senhora da Barca\u00bb, \u00abTeci soa a minha teia\u00bb, \u00abNasci quando as plantas nascem\u00bb, \u00abQuisem-te tanto, meninha\u00bb, e \u00abQue bela te deu Deus\u00bb. Engadimos antes de cada peza os textos orixinais escritos por Rosal\u00eda en <i>Cantares Gallegos <\/i>e <i>Follas Novas<\/i>.<\/p>\n","protected":false},"featured_media":7435,"template":"","meta":{"om_disable_all_campaigns":false,"_monsterinsights_skip_tracking":false,"_monsterinsights_sitenote_active":false,"_monsterinsights_sitenote_note":"","_monsterinsights_sitenote_category":0},"product_cat":[360],"product_tag":[],"aioseo_notices":[],"lang":"es","translations":{"es":3493},"pll_sync_post":[],"_links":{"self":[{"href":"https:\/\/www.dosacordes.es\/web\/wp-json\/wp\/v2\/product\/3493"}],"collection":[{"href":"https:\/\/www.dosacordes.es\/web\/wp-json\/wp\/v2\/product"}],"about":[{"href":"https:\/\/www.dosacordes.es\/web\/wp-json\/wp\/v2\/types\/product"}],"wp:featuredmedia":[{"embeddable":true,"href":"https:\/\/www.dosacordes.es\/web\/wp-json\/wp\/v2\/media\/7435"}],"wp:attachment":[{"href":"https:\/\/www.dosacordes.es\/web\/wp-json\/wp\/v2\/media?parent=3493"}],"wp:term":[{"taxonomy":"product_cat","embeddable":true,"href":"https:\/\/www.dosacordes.es\/web\/wp-json\/wp\/v2\/product_cat?post=3493"},{"taxonomy":"product_tag","embeddable":true,"href":"https:\/\/www.dosacordes.es\/web\/wp-json\/wp\/v2\/product_tag?post=3493"}],"curies":[{"name":"wp","href":"https:\/\/api.w.org\/{rel}","templated":true}]}}