{"id":3491,"date":"2014-02-19T21:33:18","date_gmt":"2014-02-19T21:33:18","guid":{"rendered":"http:\/\/www.dosacordes.es\/web\/?product=the-ultimate-clarinet-edition-vol-2"},"modified":"2024-11-06T18:54:51","modified_gmt":"2024-11-06T17:54:51","slug":"the-ultimate-clarinet-edition-vol-2","status":"publish","type":"product","link":"https:\/\/www.dosacordes.es\/web\/producto\/the-ultimate-clarinet-edition-vol-2\/","title":{"rendered":"The Ultimate Clarinet Edition, vol. 2"},"content":{"rendered":"","protected":false},"excerpt":{"rendered":"<h5>Wolfgang Amadeus Mozart<\/h5>\n<p>La serie para clarinete editada por el profesor de clarinete Santiago Comesa\u00f1a, se ampl\u00eda con este segundo volumen dedicado a obras de Mozart. Para mayor comodidad, la parte de clarinete y la de piano se venden en un \u00fanico pack, con portadas ambos (lo que permite que se mantenga mejor la parte de clarinete en el atril).<br \/>\nEste segundo volumen est\u00e1 integrado por las siguientes obras:<\/p>\n<ul>\n<li>The five divertimenti KV. Anh. 229 (439b) in B flat major.<\/li>\n<li>Divertimenti over \u00abLe nozze di Figaro\u00bb.<\/li>\n<\/ul>\n<p>Comprar estas obras por separado resultar\u00eda mucho m\u00e1s caro que de esta forma, y m\u00e1s inc\u00f3modo.<\/p>\n<p>Para conseguir las partituras del 1\u00ba Concurso de Clarinete Cidade de Ourense, <a href=\"https:\/\/dl.dropboxusercontent.com\/u\/43449666\/1%C2%BA_Concurso_Cidade_Ourense.rar\">haz click en este enlace<\/a>. De paso, puedes obtener informaci\u00f3n sobre este libro y otros en nuestra p\u00e1gina.<\/p>\n","protected":false},"featured_media":3492,"template":"","meta":{"om_disable_all_campaigns":false,"_monsterinsights_skip_tracking":false,"_monsterinsights_sitenote_active":false,"_monsterinsights_sitenote_note":"","_monsterinsights_sitenote_category":0},"product_cat":[362],"product_tag":[],"aioseo_notices":[],"lang":"es","translations":{"es":3491,"en":14095},"pll_sync_post":[],"_links":{"self":[{"href":"https:\/\/www.dosacordes.es\/web\/wp-json\/wp\/v2\/product\/3491"}],"collection":[{"href":"https:\/\/www.dosacordes.es\/web\/wp-json\/wp\/v2\/product"}],"about":[{"href":"https:\/\/www.dosacordes.es\/web\/wp-json\/wp\/v2\/types\/product"}],"wp:featuredmedia":[{"embeddable":true,"href":"https:\/\/www.dosacordes.es\/web\/wp-json\/wp\/v2\/media\/3492"}],"wp:attachment":[{"href":"https:\/\/www.dosacordes.es\/web\/wp-json\/wp\/v2\/media?parent=3491"}],"wp:term":[{"taxonomy":"product_cat","embeddable":true,"href":"https:\/\/www.dosacordes.es\/web\/wp-json\/wp\/v2\/product_cat?post=3491"},{"taxonomy":"product_tag","embeddable":true,"href":"https:\/\/www.dosacordes.es\/web\/wp-json\/wp\/v2\/product_tag?post=3491"}],"curies":[{"name":"wp","href":"https:\/\/api.w.org\/{rel}","templated":true}]}}