{"id":3489,"date":"2020-05-30T03:18:31","date_gmt":"2020-05-30T03:18:31","guid":{"rendered":"http:\/\/www.dosacordes.es\/web\/?product=pack-a-lenda-de-montelongo-el-pa%c2%b3rtico-de-la-gloria"},"modified":"2020-05-30T19:18:24","modified_gmt":"2020-05-30T17:18:24","slug":"pack-a-lenda-de-montelongo-el-pa%c2%b3rtico-de-la-gloria","status":"publish","type":"product","link":"https:\/\/www.dosacordes.es\/web\/producto\/pack-a-lenda-de-montelongo-el-pa%c2%b3rtico-de-la-gloria\/","title":{"rendered":"Pack \u00abA lenda de Montelongo &#8211; El P\u00f3rtico de la Gloria\u00bb"},"content":{"rendered":"<p>Este pack consta de dos libros de lectura (17 x 23 cm.), con m\u00e1s de 200 p\u00e1ginas en total. El PVP conjunto ser\u00eda de 35\u00e2\u201a\u00ac, pero los ofrecemos conjuntamente por tan solo 25\u00e2\u201a\u00ac. <br \/>\u00abA lenda de Montelongo\u00bb consta del libreto de la zarzuela galega hom\u00f3nima, de<br \/>\nJuan Buhigas Olavarrieta y Manuel Rey Posse, con m\u00fasica de Beernardo del<br \/>\n R\u00edo, editado y anotado ampliamente por su autor, Javier Jurado. Precedido de un extenso estudio, tambi\u00e9n con archivo gr\u00e1fico destacado,<br \/>\n este libro ya ha sido presentado en las funciones que llevaron a escena<br \/>\n \u00abA lenda de Montelongo\u00bb en Pontevedra y Vilagarc\u00eda. <br \/>\u00abLa m\u00fasica del P\u00f3rtico de la Gloria\u00bb aborda un estudio sobre los instrumentos<br \/>\nmusicales utilizados en una \u00e9poca tan enigm\u00e1tica como la Edad<br \/>\nMedia. Gracias a las peregrinaciones a Santiago y al poso cultural que<br \/>\ndejaron a su paso, a la m\u00fasica contenida en el C\u00f3dice Calixtino y a otras<br \/>\nfuentes documentales de la \u00e9poca, podemos llegar a imaginar la armon\u00eda<br \/>\nproducida por estos instrumentos de cuerda en manos del coro de Ancianos que<br \/>\nrodean la arquivolta del p\u00f3rtico. <\/p>\n<p>Oferta limitada a 25 ejemplares. \u00c2\u00a1Ll\u00e9vate a la playa nuestros libros! <\/p>\n","protected":false},"excerpt":{"rendered":"<p>Este pack consta de dos libros de lectura (17 x 23 cm.), con m\u00e1s de 200 p\u00e1ginas en total. El PVP conjunto ser\u00eda de 35\u00e2\u201a\u00ac, pero los ofrecemos conjuntamente por tan solo 25\u00e2\u201a\u00ac. \u00abA lenda de Montelongo\u00bb consta del libreto de la zarzuela galega hom\u00f3nima, de Juan Buhigas Olavarrieta y Manuel Rey Posse, con m\u00fasica [&hellip;]<\/p>\n","protected":false},"featured_media":3490,"template":"","meta":{"om_disable_all_campaigns":false,"_monsterinsights_skip_tracking":false,"_monsterinsights_sitenote_active":false,"_monsterinsights_sitenote_note":"","_monsterinsights_sitenote_category":0},"product_cat":[348],"product_tag":[],"aioseo_notices":[],"lang":"es","translations":{"es":3489},"pll_sync_post":[],"_links":{"self":[{"href":"https:\/\/www.dosacordes.es\/web\/wp-json\/wp\/v2\/product\/3489"}],"collection":[{"href":"https:\/\/www.dosacordes.es\/web\/wp-json\/wp\/v2\/product"}],"about":[{"href":"https:\/\/www.dosacordes.es\/web\/wp-json\/wp\/v2\/types\/product"}],"wp:featuredmedia":[{"embeddable":true,"href":"https:\/\/www.dosacordes.es\/web\/wp-json\/wp\/v2\/media\/3490"}],"wp:attachment":[{"href":"https:\/\/www.dosacordes.es\/web\/wp-json\/wp\/v2\/media?parent=3489"}],"wp:term":[{"taxonomy":"product_cat","embeddable":true,"href":"https:\/\/www.dosacordes.es\/web\/wp-json\/wp\/v2\/product_cat?post=3489"},{"taxonomy":"product_tag","embeddable":true,"href":"https:\/\/www.dosacordes.es\/web\/wp-json\/wp\/v2\/product_tag?post=3489"}],"curies":[{"name":"wp","href":"https:\/\/api.w.org\/{rel}","templated":true}]}}