{"id":3487,"date":"2016-07-28T19:46:03","date_gmt":"2016-07-28T19:46:03","guid":{"rendered":"http:\/\/www.dosacordes.es\/web\/?product=la-ma%c2%basica-del-pa%c2%b3rtico-de-la-gloria"},"modified":"2025-03-21T10:43:50","modified_gmt":"2025-03-21T09:43:50","slug":"la-ma%c2%basica-del-pa%c2%b3rtico-de-la-gloria","status":"publish","type":"product","link":"https:\/\/www.dosacordes.es\/web\/producto\/la-ma%c2%basica-del-pa%c2%b3rtico-de-la-gloria\/","title":{"rendered":"La m\u00fasica del P\u00f3rtico de la Gloria: Los cord\u00f3fonos del siglo XII y el C\u00f3dice Calixtino"},"content":{"rendered":"","protected":false},"excerpt":{"rendered":"<h5>Francisco J. Loureiro<\/h5>\n<p>El P\u00f3rtico de la Gloria, en la Catedral de Santiago de Compostela representa, adem\u00e1s de una bell\u00edsima obra de arte del siglo XII, una fuente \u00fanica para conocer los instrumentos<br \/>\nmusicales utilizados en una \u00e9poca tan enigm\u00e1tica como la Edad Media. Gracias a las peregrinaciones a Santiago y al poso cultural que dejaron a su paso, a la m\u00fasica contenida en el C\u00f3dice Calixtino y a otras fuentes documentales de la \u00e9poca, podemos llegar a imaginar la armon\u00eda producida por estos instrumentos de cuerda en manos del coro de Ancianos que rodean la arquivolta del p\u00f3rtico. Aquellos instrumentos despreciados entonces por los pensadores e incluso condenados por la Iglesia, sobrevivieron en el interior del coraz\u00f3n de los hombres, alcanzando la eternidad en piedra. Siglos despu\u00e9s, otros hombres nos han devuelto, desde su sue\u00f1o de granito a la palpitaci\u00f3n viva de la madera y las cuerdas, estos instrumentos. Y aquella m\u00fasica ha podido sonar de nuevo.<\/p>\n","protected":false},"featured_media":7532,"template":"","meta":{"om_disable_all_campaigns":false,"_monsterinsights_skip_tracking":false,"_monsterinsights_sitenote_active":false,"_monsterinsights_sitenote_note":"","_monsterinsights_sitenote_category":0},"product_cat":[348],"product_tag":[],"aioseo_notices":[],"lang":"es","translations":{"es":3487},"pll_sync_post":[],"_links":{"self":[{"href":"https:\/\/www.dosacordes.es\/web\/wp-json\/wp\/v2\/product\/3487"}],"collection":[{"href":"https:\/\/www.dosacordes.es\/web\/wp-json\/wp\/v2\/product"}],"about":[{"href":"https:\/\/www.dosacordes.es\/web\/wp-json\/wp\/v2\/types\/product"}],"wp:featuredmedia":[{"embeddable":true,"href":"https:\/\/www.dosacordes.es\/web\/wp-json\/wp\/v2\/media\/7532"}],"wp:attachment":[{"href":"https:\/\/www.dosacordes.es\/web\/wp-json\/wp\/v2\/media?parent=3487"}],"wp:term":[{"taxonomy":"product_cat","embeddable":true,"href":"https:\/\/www.dosacordes.es\/web\/wp-json\/wp\/v2\/product_cat?post=3487"},{"taxonomy":"product_tag","embeddable":true,"href":"https:\/\/www.dosacordes.es\/web\/wp-json\/wp\/v2\/product_tag?post=3487"}],"curies":[{"name":"wp","href":"https:\/\/api.w.org\/{rel}","templated":true}]}}