{"id":3483,"date":"2020-05-30T03:18:22","date_gmt":"2020-05-30T03:18:22","guid":{"rendered":"http:\/\/www.dosacordes.es\/web\/?product=cantar-te-ei-galiza"},"modified":"2025-02-08T17:21:19","modified_gmt":"2025-02-08T16:21:19","slug":"cantar-te-ei-galiza","status":"publish","type":"product","link":"https:\/\/www.dosacordes.es\/web\/producto\/cantar-te-ei-galiza\/","title":{"rendered":"Cantar-te-ei, Galiza"},"content":{"rendered":"","protected":false},"excerpt":{"rendered":"<h5>Conservatorio Profesional de M\u00fasica de Santiago de Compostela.<\/h5>\n<p>Comemoramos este ano o 150 anivers\u00e1rio da publicaci\u00f3n dos Cantares Galegos de Rosalia de Castro, sa\u00eddos do prelo o 17 de maio de 1863, trinta anivers\u00e1rio do seu marido Manuel Murguia, dia em que a sua companheira lhe oferecia este poem\u00e1rio como sinal de m\u00fatuo amor e de compromisso por Galiza. O conservat\u00f3rio profissional de m\u00fasica de Santiago de Compostela celebra este acontecimento com um concerto extraordin\u00e1rio realizado na igreja de S. Domingos de Bonaval, onde descansa a poeta e m\u00fasica galega.<br \/>\nCom motivo deste concet\u00f3 tamb\u00e9m se pretende recuperar a mem\u00f3ria hist\u00f3rica e musical da desloca\u00e7ao dos seus restos desde os campos de \u00cdria, como bem diz M\u00e1ximo Leis Posse (La patria gallega, 1891). Quando Rosalia foi levada da Adina a Bonaval, desde a esta\u00e3o de Cornes, em Compostela, organizou-se uma comitiva f\u00fanebre integrada por numerosas pessoas e entidades da cidade, para acompanh\u00e1-la at\u00e9 ao que seria a sua \u00faltima morada. Ao passo da comitiva todos os com\u00e9rcios fecharam em sinal de d\u00f3, nas<br \/>\nruas cheias a gente manteve um reverencial sil\u00c3\u00aancio s\u00f3 rasgado pelas b\u00e1guas dos presentes ao passo da m\u00fasica. Diante do edif\u00edcio da Universidade central, atual faculdade de Geografia e Hist\u00f3ria, e a casa onde viveu uns anos o matrim\u00f3nio Murguia-Castro, os estudantes prepararam a sua homenagem com a leitura de um sentido poema e teve lugar a interpreta\u00e3o pelo orfe\u00f3n Valverde do Miserere composto por Mariano Tafall em 1873, estreado no funeral do pr\u00f3pri autor em 1874. Esta obra est\u00e1 especialmente composta para a sua interpreta\u00e3o numa comitiva funer\u00e1ria, a sua instrumenta\u00e3o constitu\u00edda por instrumentos de sopro que acompanham as vozes permite ir cantando a obra a medida que se caminha. Esta \u00e9 a partitura que se recupera neste caderno e que a orquestra e o coro do conservat\u00f3rio interpretar\u00c3\u00a3o no concerto para comemorar este acontecimento. A m\u00fasica teve um protagonismo especial nesse dia 25 de maio de 1891. No pr\u00f3prio Bonaval celebrou-se uma missa de R\u00e9quiem em que se interpretou a partitura que o av\u00f3 de Manuel Murguia, D. Domingo Maria de Murguia, finado em 1844, organista em Santa Maria de Tolosa, Guip\u00fazcoa, tinha composto para vozes e contrabaixos. Depois de numerosas pesquisas tanto nos arquivos galegos quanto nos bascos foi imposs\u00edvel a localiza\u00e3o desta partitura. Entre as agrupa\u00e7oes musicais que participaram no acompanhamento da poeta destacam-se ademais do Orfe\u00f3n Valverde antes mencionado, a capela musical da Catedral de Santiago, a orquestra do jovem violinista Jos\u00e9 Curros, a orquestra dirigida pelo pianista Manuel Chaves, a banda de m\u00fasica da Beneficincia e a Rondalha Regionalista.<\/p>\n<p>Para fazer mem\u00f3ria hist\u00f3rica \u00e9 imprescind\u00edvel resgatar as pessoas e entidades que fizeram poss\u00edvel que os restos da poeta descansem em Compostela. Depois da sua morte em 1885 vai crescendo o sentimento reivindicativo de Rosalia como representante da literatura e da na\u00e3o galega. Desde Cuba a col\u00f3nia galega organiza o financiamento de um monumento para perpetuar a mem\u00f3ria galeguista da autora dos Cantares Galegos. Em pouco tempo reune-se o dinheiro que se envia ao que at\u00e9 1890 fora presidente da Sociedade Econ\u00f3mica de Amigos do Pa\u00eds, Joaquim Dias de R\u00e1bago, e junto com Manuel Murguia levam a cabo o projeto do mausoleu na igreja de Bonaval. Tamb\u00e9m a Associa\u00e3o Regionalista de Galiza atrav\u00e9s do seu Comit\u00e9 Central organizou e dirigiu os trabalhos levantamento e desloca\u00e3o dos restos. Para a realiza\u00e3o do monumento organizou-se um concurso que ganhou o artista compostelano Jesus Landeira, o qual apresentou um modelo de mausoleu em m\u00e1rmore branco acompanhado pelas musas da poesia e da m\u00fasica. Para continuar o esp\u00edrito galeguista e divulgador da obra de Rosalia este caderno apresenta ademais cinco pe\u00e7as compostas pelo alunado do conservat\u00f3rio sobre textos da poeta, encomendadas pela Equipa de Dinamiza\u00e3o da L\u00edngua Galega para a sua interpreta\u00e3o neste concerto homenagem:<br \/>\n1.- Cantar-te-ei, Galiza, de Sandra Galera Mart\u00ednez. 3\u00ba de Grau Profissional de Piano, obra para canto e piano composta sobre o poema n\u00famero 1, IV, dos Cantares Galegos.<br \/>\n2.- Nasci quando as plantas nascem, de Laura Cu\u00f1arro Garc\u00eda. 5\u00c2\u00ba de Grau Profissional de Piano, obra para canto e piano composta sobre o segundo poema n.\u00ba 1, II, dos Cantares<br \/>\nGalegos.<br \/>\n3.- Fum um domingo, de Lucas M. Su\u00e1rez de Centi. 6\u00ba de Grau<br \/>\nProfissional de Percussao, obra para canto e conjunto de jazz composta sobre o poema n.\u00ba 6 dos Cantares Galegos.<br \/>\n4.- Sem ninho, de Alexis Rozas Losada. 6\u00ba de Grau Profissional de Guitarra, obra para canto e orquestra de guitarras composta sobre o poema n.\u00ba 69 do livro 3 de Folhas Novas.<br \/>\n5.- Bons amores, de Roberto M. Bola\u00f1o Amigo. 5\u00ba de Grau Profissional de Trombeta, obra para canto e quinteto de metal composta sobre o poema n.\u00ba 30 do livro 2 de Folhas Novas.<br \/>\nO concerto homenagem complementa-se com a interpreta\u00e3o de Rosa de Abril, de Andr\u00e9<br \/>\nGaos Berea (1874-1959), pelo coro, e do Hino galego, de Pasqual Veiga<br \/>\n(1842-1906), pelo coro e orquestra do conservat\u00f3rio.<\/p>\n","protected":false},"featured_media":3484,"template":"","meta":{"om_disable_all_campaigns":false,"_monsterinsights_skip_tracking":false,"_monsterinsights_sitenote_active":false,"_monsterinsights_sitenote_note":"","_monsterinsights_sitenote_category":0},"product_cat":[360],"product_tag":[],"aioseo_notices":[],"lang":"es","translations":{"es":3483},"pll_sync_post":[],"_links":{"self":[{"href":"https:\/\/www.dosacordes.es\/web\/wp-json\/wp\/v2\/product\/3483"}],"collection":[{"href":"https:\/\/www.dosacordes.es\/web\/wp-json\/wp\/v2\/product"}],"about":[{"href":"https:\/\/www.dosacordes.es\/web\/wp-json\/wp\/v2\/types\/product"}],"wp:featuredmedia":[{"embeddable":true,"href":"https:\/\/www.dosacordes.es\/web\/wp-json\/wp\/v2\/media\/3484"}],"wp:attachment":[{"href":"https:\/\/www.dosacordes.es\/web\/wp-json\/wp\/v2\/media?parent=3483"}],"wp:term":[{"taxonomy":"product_cat","embeddable":true,"href":"https:\/\/www.dosacordes.es\/web\/wp-json\/wp\/v2\/product_cat?post=3483"},{"taxonomy":"product_tag","embeddable":true,"href":"https:\/\/www.dosacordes.es\/web\/wp-json\/wp\/v2\/product_tag?post=3483"}],"curies":[{"name":"wp","href":"https:\/\/api.w.org\/{rel}","templated":true}]}}