{"id":3481,"date":"2020-05-30T03:18:20","date_gmt":"2020-05-30T01:18:20","guid":{"rendered":"http:\/\/www.dosacordes.es\/web\/?product=manual-del-ma%c2%basico-de-jazz-guaa-practica-para-el-improvisador"},"modified":"2026-01-15T14:41:31","modified_gmt":"2026-01-15T13:41:31","slug":"manual-del-ma%c2%basico-de-jazz-guaa-practica-para-el-improvisador","status":"publish","type":"product","link":"https:\/\/www.dosacordes.es\/web\/producto\/manual-del-ma%c2%basico-de-jazz-guaa-practica-para-el-improvisador\/","title":{"rendered":"Manual del m\u00fasico de jazz: Gu\u00eda pr\u00e1ctica para el improvisador"},"content":{"rendered":"","protected":false},"excerpt":{"rendered":"<h5>Roberto Somoza<\/h5>\n<p>Describir sobre un papel algo tan ambiguo como el arte de la improvisaci\u00f3n es tanto como querer describir con palabras qu\u00e9 se siente al respirar o beber agua. Se debe tenes esto en cuenta antes de empezar cualquier otro libro que analice el arte. Este libro est\u00e1 pensado para desarrollar la imaginaci\u00f3n y la creatividad. Seg\u00fan el trompetista Clark Terry, hay tres pasos vitales para el desarrollo art\u00edstico de una persona: asimilaci\u00f3n, desarrollo e innovaci\u00f3n. Esa es precisamente la filosof\u00eda de este libro y el objetivo para trabajar con todos los conceptos que en \u00e9l aparecen. A continuaci\u00f3n vamos a ver todos sus apartados:<\/p>\n<p>1) TEOR\u00cdA B\u00c1\u0081SICA PARA LA IMPROVISACI\u00d3N<br \/>\nEn este apartado se encuentran conceptos b\u00e1sicos para desenvolverse con facilidad en el mundo de la improvisaci\u00f3n.<\/p>\n<p>2) LENGUAJE JAZZ\u00cdSTICO<br \/>\nAqu\u00ed est\u00e1 el grueso de la informaci\u00f3n que utiliza el improvisador. La forma de estudiarla es la pr\u00e1ctica diaria con el instrumento. Se debe desarrollar y asimilar cada secci\u00f3n hasta incorporarla al discurso musical para posteriormente modif\u00edcarla y adaptarla a las necesidades de cada uno.<\/p>\n<p>3) RECURSOS CONTEMPOR\u00c1NEOS<br \/>\nLos recursos contempor\u00e1neos est\u00e1n en constante evoluci\u00f3n y pueden definir definitivamente el estilo musical.<\/p>\n<p>4) T\u00c9CNICA B\u00c1\u0081SICA PARA TU INSTRUMENTO<br \/>\nSe muestran parte de los ejercicios cotidianos a realizar por el improvisador<\/p>\n<p>5) PATRONES &amp; LICKS<br \/>\nSiguiendo los pasos del apartado anterior se crean nuevos patrones adaptados a las necesidades musicales del momento.<\/p>\n<p>6) CUADERNO DE ANOTACIONES<br \/>\nSe encuentran aqu\u00ed m\u00e1s frases colocadas de forma aleatoria. La diferencia con otras secciones es que son las anotaciones del propio autor.<\/p>\n<p>7) S\u00cdNTESIS<br \/>\n\u00c9sta es una secci\u00f3n para consultar de forma r\u00e1pida las dudas acerca de los conceptos te\u00f3ricos b\u00e1sicos: formaci\u00f3n de acordes, terminolog\u00eda, etc.<\/p>\n<p>8) PLAN DE ESTUDIOS<br \/>\nSe ofrecen detalladamente las actividades necesarias para el desarrollo art\u00edstico del m\u00fasico, con explicaciones de todos los conceptos m\u00e1s habituales, una tabla para la organizaci\u00f3n del estudio y una lista de temas para empezar a tocar organizada por estilos.<\/p>\n","protected":false},"featured_media":7500,"template":"","meta":{"om_disable_all_campaigns":false,"_monsterinsights_skip_tracking":false,"_monsterinsights_sitenote_active":false,"_monsterinsights_sitenote_note":"","_monsterinsights_sitenote_category":0},"product_cat":[637],"product_tag":[],"aioseo_notices":[],"lang":"es","translations":{"es":3481,"en":14134},"pll_sync_post":[],"_links":{"self":[{"href":"https:\/\/www.dosacordes.es\/web\/wp-json\/wp\/v2\/product\/3481"}],"collection":[{"href":"https:\/\/www.dosacordes.es\/web\/wp-json\/wp\/v2\/product"}],"about":[{"href":"https:\/\/www.dosacordes.es\/web\/wp-json\/wp\/v2\/types\/product"}],"wp:featuredmedia":[{"embeddable":true,"href":"https:\/\/www.dosacordes.es\/web\/wp-json\/wp\/v2\/media\/7500"}],"wp:attachment":[{"href":"https:\/\/www.dosacordes.es\/web\/wp-json\/wp\/v2\/media?parent=3481"}],"wp:term":[{"taxonomy":"product_cat","embeddable":true,"href":"https:\/\/www.dosacordes.es\/web\/wp-json\/wp\/v2\/product_cat?post=3481"},{"taxonomy":"product_tag","embeddable":true,"href":"https:\/\/www.dosacordes.es\/web\/wp-json\/wp\/v2\/product_tag?post=3481"}],"curies":[{"name":"wp","href":"https:\/\/api.w.org\/{rel}","templated":true}]}}