{"id":3479,"date":"2014-02-19T21:32:47","date_gmt":"2014-02-19T21:32:47","guid":{"rendered":"http:\/\/www.dosacordes.es\/web\/?product=the-ultimate-clarinet-edition"},"modified":"2024-11-06T18:53:36","modified_gmt":"2024-11-06T17:53:36","slug":"the-ultimate-clarinet-edition","status":"publish","type":"product","link":"https:\/\/www.dosacordes.es\/web\/producto\/the-ultimate-clarinet-edition\/","title":{"rendered":"The ultimate Clarinet Edition"},"content":{"rendered":"","protected":false},"excerpt":{"rendered":"<h5>Jean X. Lefevre, Heinrich Baermann, Louis Spohr, Carl Nielsen, Max Reger, Ferruccio Busoni, Claude Debussy<\/h5>\n<p>Bajo este nombre, Dos Acordes presenta una nueva serie para clarinete. En este primer n\u00famero el editor y profesor de clarinete en el Conservatorio profesional de Ourense, Santiago Comesa\u00f1a, presenta las obras habituales en el acceso al Grado profesional del instrumento. Para mayor comodidad, la parte de clarinete y la de piano se venden en un \u00fanico pack, con portadas ambos (lo que permite que se mantenga mejor la parte de clarinete en el atril).<br \/>\nEste primer volumen est\u00e1 integrado por las siguientes obras:<\/p>\n<ul>\n<li>Sonata n\u00ba 1 en Bb Mj de Jean X. Lef\u00e9vre.<\/li>\n<li>Sonata n\u00ba 4 en Eb Mj de Jean X. Lef\u00e9vre<\/li>\n<li>Adagio en Db Mj de Heinrich Baermann<\/li>\n<li>Romanza en Bb Mj de Louis Spohr<\/li>\n<li>Fantas\u00eda en G min de Carl Nielsen<\/li>\n<li>Romanza en G Mj de Max Reger<\/li>\n<li>Two pieces de Max Reger<\/li>\n<li>Eleg\u00eda en Eb Mj de Ferruccio Busoni<\/li>\n<li>Petite Pice de Claude Debussy<\/li>\n<\/ul>\n<p>Comprar estas obras por separado resultar\u00eda mucho m\u00e1s caro que de esta forma, y m\u00e1s inc\u00f3modo. Hemos utilizado el ingl\u00e9s como idioma base de la edici\u00f3n despu\u00e9s de comprobar que las obras para este instrumento que publica Dos Acordes tienen mejor acogida en Europa que en Espa\u00f1a. De esta forma, continuamos la tendencia que inauguramos con la exitosa \u00abEl \u00e1lbum de Clari\u00bb..<\/p>\n<p>Para conseguir las partituras del 1\u00ba Concurso de Clarinete Cidade de Ourense, <a href=\"https:\/\/dl.dropboxusercontent.com\/u\/43449666\/1%C2%BA_Concurso_Cidade_Ourense.rar\">haz click en este enlace<\/a>. De paso, puedes obtener informaci\u00f3n sobre este libro y otros en nuestra p\u00e1gina.<\/p>\n","protected":false},"featured_media":3480,"template":"","meta":{"om_disable_all_campaigns":false,"_monsterinsights_skip_tracking":false,"_monsterinsights_sitenote_active":false,"_monsterinsights_sitenote_note":"","_monsterinsights_sitenote_category":0},"product_cat":[362],"product_tag":[],"aioseo_notices":[],"lang":"es","translations":{"es":3479,"en":14094},"pll_sync_post":[],"_links":{"self":[{"href":"https:\/\/www.dosacordes.es\/web\/wp-json\/wp\/v2\/product\/3479"}],"collection":[{"href":"https:\/\/www.dosacordes.es\/web\/wp-json\/wp\/v2\/product"}],"about":[{"href":"https:\/\/www.dosacordes.es\/web\/wp-json\/wp\/v2\/types\/product"}],"wp:featuredmedia":[{"embeddable":true,"href":"https:\/\/www.dosacordes.es\/web\/wp-json\/wp\/v2\/media\/3480"}],"wp:attachment":[{"href":"https:\/\/www.dosacordes.es\/web\/wp-json\/wp\/v2\/media?parent=3479"}],"wp:term":[{"taxonomy":"product_cat","embeddable":true,"href":"https:\/\/www.dosacordes.es\/web\/wp-json\/wp\/v2\/product_cat?post=3479"},{"taxonomy":"product_tag","embeddable":true,"href":"https:\/\/www.dosacordes.es\/web\/wp-json\/wp\/v2\/product_tag?post=3479"}],"curies":[{"name":"wp","href":"https:\/\/api.w.org\/{rel}","templated":true}]}}